{"id":1355,"date":"2025-06-17T21:50:24","date_gmt":"2025-06-17T19:50:24","guid":{"rendered":"http:\/\/jew.achtender.eu\/tennis\/?page_id=1355"},"modified":"2026-04-17T10:53:58","modified_gmt":"2026-04-17T08:53:58","slug":"mitgliedschaft","status":"publish","type":"page","link":"https:\/\/tsv-haubersbronn.de\/tennis\/mitgliedschaft\/","title":{"rendered":"Mitgliedschaft"},"content":{"rendered":"<p>[et_pb_section fb_built=&#8220;1&#8243; _builder_version=&#8220;4.25.2&#8243; _module_preset=&#8220;default&#8220; background_color=&#8220;#F9812A&#8220; custom_padding=&#8220;10vw||||false|false&#8220; global_colors_info=&#8220;{}&#8220;][et_pb_row _builder_version=&#8220;4.27.5&#8243; _module_preset=&#8220;92fda5b1-79b9-4e7a-9ab2-61561768efa0&#8243; z_index=&#8220;10&#8243; hover_enabled=&#8220;0&#8243; global_colors_info=&#8220;{}&#8220; sticky_enabled=&#8220;0&#8243;][et_pb_column type=&#8220;4_4&#8243; _builder_version=&#8220;4.25.2&#8243; _module_preset=&#8220;default&#8220; global_colors_info=&#8220;{}&#8220;][et_pb_slider show_arrows=&#8220;off&#8220; show_pagination=&#8220;off&#8220; _builder_version=&#8220;4.27.5&#8243; _module_preset=&#8220;default&#8220; header_level=&#8220;h1&#8243; header_font=&#8220;Poppins LOKAL|||on|||||&#8220; header_font_size=&#8220;80px&#8220; header_line_height=&#8220;80px&#8220; z_index=&#8220;3&#8243; custom_margin=&#8220;||-200px||false|false&#8220; custom_margin_tablet=&#8220;||0px||false|false&#8220; custom_margin_phone=&#8220;||0px||false|false&#8220; custom_margin_last_edited=&#8220;on|tablet&#8220; custom_padding=&#8220;|0px||0px|false|true&#8220; hover_enabled=&#8220;0&#8243; header_font_size_tablet=&#8220;60px&#8220; header_font_size_phone=&#8220;42px&#8220; header_font_size_last_edited=&#8220;on|tablet&#8220; header_line_height_tablet=&#8220;80px&#8220; header_line_height_phone=&#8220;45px&#8220; header_line_height_last_edited=&#8220;on|desktop&#8220; border_radii_image=&#8220;on|20px|20px|20px|20px&#8220; global_colors_info=&#8220;{}&#8220; border_radii=&#8220;on|30px|30px|30px|30px&#8220; sticky_enabled=&#8220;0&#8243;][et_pb_slide heading=&#8220;Mitgliedschaft&#8220; _builder_version=&#8220;4.27.5&#8243; _module_preset=&#8220;default&#8220; background_color=&#8220;RGBA(255,255,255,0)&#8220; background_enable_color=&#8220;on&#8220; background_image=&#8220;https:\/\/tsv-haubersbronn.de\/tennis\/wp-content\/uploads\/sites\/7\/2025\/06\/IMG_20250615_172030215_klein-scaled.jpg&#8220; background_enable_image=&#8220;on&#8220; global_colors_info=&#8220;{}&#8220; sticky_transition=&#8220;on&#8220;][\/et_pb_slide][\/et_pb_slider][\/et_pb_column][\/et_pb_row][\/et_pb_section][et_pb_section fb_built=&#8220;1&#8243; admin_label=&#8220;section&#8220; _builder_version=&#8220;4.25.2&#8243; _module_preset=&#8220;default&#8220; custom_padding=&#8220;0px||0px||false|false&#8220; global_colors_info=&#8220;{}&#8220;][et_pb_row _builder_version=&#8220;4.25.2&#8243; _module_preset=&#8220;_initial&#8220; background_color=&#8220;#F9812A&#8220; width=&#8220;100%&#8220; max_width=&#8220;100%&#8220; custom_padding=&#8220;0px||0px||true|false&#8220; global_colors_info=&#8220;{}&#8220;][et_pb_column type=&#8220;4_4&#8243; _builder_version=&#8220;4.25.2&#8243; _module_preset=&#8220;default&#8220; global_colors_info=&#8220;{}&#8220;][et_pb_divider show_divider=&#8220;off&#8220; _builder_version=&#8220;4.25.2&#8243; _module_preset=&#8220;default&#8220; background_color=&#8220;#FFFFFF&#8220; z_index=&#8220;1&#8243; height=&#8220;50px&#8220; border_radii=&#8220;off|50px|50px||&#8220; global_colors_info=&#8220;{}&#8220;][\/et_pb_divider][\/et_pb_column][\/et_pb_row][et_pb_row admin_label=&#8220;row&#8220; _builder_version=&#8220;4.25.2&#8243; _module_preset=&#8220;_initial&#8220; custom_padding=&#8220;10vw||||false|false&#8220; global_colors_info=&#8220;{}&#8220;][et_pb_column type=&#8220;4_4&#8243; _builder_version=&#8220;4.16&#8243; _module_preset=&#8220;default&#8220; custom_padding=&#8220;|||&#8220; global_colors_info=&#8220;{}&#8220; custom_padding__hover=&#8220;|||&#8220;][et_pb_text _builder_version=&#8220;4.27.5&#8243; _module_preset=&#8220;_initial&#8220; global_colors_info=&#8220;{}&#8220;]<\/p>\n<h3>Du hast Lust auf Tennis und suchst einen Verein mit famili\u00e4rer Atmosph\u00e4re im Raum Schorndorf?<\/h3>\n<p>[\/et_pb_text][et_pb_text _builder_version=&#8220;4.27.5&#8243; _module_preset=&#8220;_initial&#8220; global_colors_info=&#8220;{}&#8220;]<\/p>\n<p>Dann bist Du bei uns in Haubersbronn genau richtig!<\/p>\n<p>[\/et_pb_text][\/et_pb_column][\/et_pb_row][et_pb_row _builder_version=&#8220;4.25.2&#8243; _module_preset=&#8220;_initial&#8220; width=&#8220;100%&#8220; max_width=&#8220;100%&#8220; global_colors_info=&#8220;{}&#8220;][et_pb_column type=&#8220;4_4&#8243; _builder_version=&#8220;4.25.2&#8243; _module_preset=&#8220;default&#8220; global_colors_info=&#8220;{}&#8220;][et_pb_image src=&#8220;https:\/\/tsv-haubersbronn.de\/tennis\/wp-content\/uploads\/sites\/7\/2025\/05\/tennis_6.png&#8220; title_text=&#8220;tennis_6&#8243; force_fullwidth=&#8220;on&#8220; _builder_version=&#8220;4.25.2&#8243; _module_preset=&#8220;default&#8220; global_colors_info=&#8220;{}&#8220;][\/et_pb_image][\/et_pb_column][\/et_pb_row][et_pb_row _builder_version=&#8220;4.25.2&#8243; _module_preset=&#8220;_initial&#8220; background_color=&#8220;#F9812A&#8220; width=&#8220;100%&#8220; max_width=&#8220;100%&#8220; custom_padding=&#8220;0px||0px||true|false&#8220; locked=&#8220;off&#8220; global_colors_info=&#8220;{}&#8220;][et_pb_column type=&#8220;4_4&#8243; _builder_version=&#8220;4.25.2&#8243; _module_preset=&#8220;default&#8220; global_colors_info=&#8220;{}&#8220;][et_pb_divider show_divider=&#8220;off&#8220; _builder_version=&#8220;4.25.2&#8243; _module_preset=&#8220;default&#8220; background_color=&#8220;#FFFFFF&#8220; height=&#8220;50px&#8220; border_radii=&#8220;off|||50px|50px&#8220; global_colors_info=&#8220;{}&#8220;][\/et_pb_divider][\/et_pb_column][\/et_pb_row][\/et_pb_section][et_pb_section fb_built=&#8220;1&#8243; _builder_version=&#8220;4.25.2&#8243; _module_preset=&#8220;default&#8220; background_color=&#8220;#F9812A&#8220; border_radii=&#8220;off|||50px|50px&#8220; global_colors_info=&#8220;{}&#8220;][et_pb_row admin_label=&#8220;row&#8220; _builder_version=&#8220;4.25.2&#8243; _module_preset=&#8220;_initial&#8220; locked=&#8220;off&#8220; global_colors_info=&#8220;{}&#8220;][et_pb_column type=&#8220;4_4&#8243; _builder_version=&#8220;4.16&#8243; _module_preset=&#8220;default&#8220; custom_padding=&#8220;|||&#8220; global_colors_info=&#8220;{}&#8220; custom_padding__hover=&#8220;|||&#8220;][et_pb_text _builder_version=&#8220;4.27.5&#8243; _module_preset=&#8220;_initial&#8220; global_colors_info=&#8220;{}&#8220;]<\/p>\n<p><span style=\"color: #ffffff\">Tennis kennt keine Altersgrenzen. Die Bewegung an der frischen Luft trainiert alle Muskelgruppen und auch den Kreislauf. Der Umgang mit Ball und Schl\u00e4gern macht nicht nur viel Spa\u00df, sondern f\u00f6rdert Deine Geschicklichkeit und h\u00e4lt Dich fit.<\/span><\/p>\n<p><span style=\"color: #ffffff\">Die Tennisabteilung des TSV Haubersbronn bietet Dir f\u00fcnf gepflegte Sandpl\u00e4tze, die von April bis Oktober f\u00fcr alle Mitglieder und Gastspieler zur Verf\u00fcgung stehen. Hinzu kommt ein reges Vereinsleben mit regelm\u00e4\u00dfigen Veranstaltungen auf und au\u00dferhalb des Tennisplatzes. Erg\u00e4nzt wird das Angebot durch diverse Mannschaften und Trainingsgruppen im M\u00e4nner, Frauen-, Mixed- und Jugendbereich, sowie Trainingsm\u00f6glichkeiten mit professionellem Trainer.<\/span><\/p>\n<p>[\/et_pb_text][\/et_pb_column][\/et_pb_row][\/et_pb_section][et_pb_section fb_built=&#8220;1&#8243; _builder_version=&#8220;4.25.2&#8243; _module_preset=&#8220;default&#8220; locked=&#8220;off&#8220; global_colors_info=&#8220;{}&#8220;][et_pb_row _builder_version=&#8220;4.25.2&#8243; _module_preset=&#8220;_initial&#8220; global_colors_info=&#8220;{}&#8220;][et_pb_column type=&#8220;4_4&#8243; _builder_version=&#8220;4.25.2&#8243; _module_preset=&#8220;default&#8220; global_colors_info=&#8220;{}&#8220;][et_pb_text _builder_version=&#8220;4.27.5&#8243; _module_preset=&#8220;_initial&#8220; text_orientation=&#8220;center&#8220; locked=&#8220;off&#8220; global_colors_info=&#8220;{}&#8220;]<\/p>\n<h2>#mach mit<\/h2>\n<p>[\/et_pb_text][\/et_pb_column][\/et_pb_row][et_pb_row column_structure=&#8220;1_4,3_4&#8243; _builder_version=&#8220;4.25.2&#8243; _module_preset=&#8220;_initial&#8220; global_colors_info=&#8220;{}&#8220;][et_pb_column type=&#8220;1_4&#8243; _builder_version=&#8220;4.25.2&#8243; _module_preset=&#8220;default&#8220; custom_padding=&#8220;20px|20px|20px|20px|true|true&#8220; border_radii=&#8220;on|50px|50px|50px|50px&#8220; border_width_all=&#8220;2px&#8220; border_color_all=&#8220;#000000&#8243; global_colors_info=&#8220;{}&#8220;][et_pb_image src=&#8220;https:\/\/tsv-haubersbronn.de\/tennis\/wp-content\/uploads\/sites\/7\/2025\/04\/250324-Anlage-aus-Sicht-der-Zuschauer.jpg&#8220; title_text=&#8220;250324 Anlage aus Sicht der Zuschauer&#8220; _builder_version=&#8220;4.25.2&#8243; _module_preset=&#8220;default&#8220; global_colors_info=&#8220;{}&#8220;][\/et_pb_image][\/et_pb_column][et_pb_column type=&#8220;3_4&#8243; _builder_version=&#8220;4.25.2&#8243; _module_preset=&#8220;default&#8220; custom_padding=&#8220;20px|20px|20px|20px|true|true&#8220; border_radii=&#8220;on|50px|50px|50px|50px&#8220; border_width_all=&#8220;2px&#8220; border_color_all=&#8220;#000000&#8243; global_colors_info=&#8220;{}&#8220;][et_pb_text _builder_version=&#8220;4.27.5&#8243; _module_preset=&#8220;_initial&#8220; custom_margin=&#8220;30px||40px||false|false&#8220; global_colors_info=&#8220;{}&#8220;]<\/p>\n<p><strong>Kontakt:<\/strong><span>\u00a0Hast Du Lust, mehr \u00fcber unsere Angebote zu erfahren? Oder m\u00f6chtest Du gleich den Schl\u00e4ger schwingen? Dann kontaktiere unseren\u00a0<\/span><a href=\"mailto:vorstand1.tennis@tsv-haubersbronn.de?subject=Mitgliedschaft\" target=\"_blank\" rel=\"noopener\">Vorstand<\/a><span>\u00a0und bespreche das weitere Vorgehen.<\/span><\/p>\n<p>[\/et_pb_text][et_pb_text _builder_version=&#8220;4.27.5&#8243; _module_preset=&#8220;_initial&#8220; custom_margin=&#8220;||30px||false|false&#8220; global_colors_info=&#8220;{}&#8220;]<\/p>\n<p><strong>Du willst Wettkampfluft schnuppern?<\/strong><span>\u00a0Suche Dir die passende\u00a0<\/span><a href=\"\/tennis\/mannschaften\/\" rel=\"noreferrer\">Mannschaft<\/a><span>\u00a0bei uns aus und nimm direkt Kontakt mit den Mannschaftsf\u00fchrern auf. F\u00fcr Fragen im Vorfeld kannst Du auch einfach den\u00a0<\/span><a href=\"mailto:sport.tennis@tsv-haubersbronn.de?subject=Mitgliedschaft\" target=\"_blank\" rel=\"noopener\">Sportwart<\/a><span>\u00a0kontaktieren<\/span><\/p>\n<p>[\/et_pb_text][\/et_pb_column][\/et_pb_row][et_pb_row column_structure=&#8220;1_4,3_4&#8243; _builder_version=&#8220;4.25.2&#8243; _module_preset=&#8220;_initial&#8220; global_colors_info=&#8220;{}&#8220;][et_pb_column type=&#8220;1_4&#8243; _builder_version=&#8220;4.25.2&#8243; _module_preset=&#8220;default&#8220; custom_padding=&#8220;20px|20px|20px|20px|true|true&#8220; border_radii=&#8220;on|50px|50px|50px|50px&#8220; border_width_all=&#8220;2px&#8220; border_color_all=&#8220;#000000&#8243; global_colors_info=&#8220;{}&#8220;][et_pb_image src=&#8220;https:\/\/tsv-haubersbronn.de\/tennis\/wp-content\/uploads\/sites\/7\/2025\/05\/Axel-Geiser.jpg&#8220; title_text=&#8220;Axel-Geiser&#8220; _builder_version=&#8220;4.25.2&#8243; _module_preset=&#8220;default&#8220; global_colors_info=&#8220;{}&#8220;][\/et_pb_image][\/et_pb_column][et_pb_column type=&#8220;3_4&#8243; _builder_version=&#8220;4.25.2&#8243; _module_preset=&#8220;default&#8220; custom_padding=&#8220;20px|20px|20px|20px|true|true&#8220; border_radii=&#8220;on|50px|50px|50px|50px&#8220; border_width_all=&#8220;2px&#8220; border_color_all=&#8220;#000000&#8243; global_colors_info=&#8220;{}&#8220;][et_pb_text _builder_version=&#8220;4.27.5&#8243; _module_preset=&#8220;_initial&#8220; custom_margin=&#8220;||30px||false|false&#8220; global_colors_info=&#8220;{}&#8220;]<\/p>\n<p><strong>Schnupper-Monat:<\/strong><span>\u00a0Du kannst ganz unverbindlich einen Monat bei uns spielen, bevor Du Dich f\u00fcr eine Mitgliedschaft entscheiden musst. Somit kannst Du Dich von unseren sch\u00f6nen Pl\u00e4tzen, unseren Trainingsm\u00f6glichkeiten und der Geselligkeit in unseren Teams \u00fcberzeugen. Vereinbare den Schnuppermonat mit unserem\u00a0<\/span><a href=\"mailto:vorstand1.tennis@tsv-haubersbronn.de?subject=Schnuppermonat\" target=\"_blank\" rel=\"noopener\">Vorstand<\/a><\/p>\n<p>[\/et_pb_text][et_pb_text _builder_version=&#8220;4.27.5&#8243; _module_preset=&#8220;_initial&#8220; global_colors_info=&#8220;{}&#8220;]<\/p>\n<p class=\"has-text-align-center\"><strong>Aber ich habe noch nie Tennis gespielt:<\/strong><span>\u00a0<\/span>Kein Problem, dann kontaktiere die<span>\u00a0<\/span><a href=\"mailto:hobby-mixed.tennis@tsv-haubersbronn.de?subject=Trainingsinteresse\" target=\"_blank\" rel=\"noopener\">Breitensport<\/a><span>\u00a0<\/span>\u2013 Gruppe, dort findest Du auf jeden Fall Partner oder Partnerinnen zum Spielen.<\/p>\n<p class=\"has-text-align-center\">Parallel dazu empfehlen wir Trainer-Stunden , um die grunds\u00e4tzlichen Bewegungsabl\u00e4ufe von Grund auf zu lernen. Wir kooperieren mit einem Trainer, bei dem Du auf unserer Anlage Stunden nehmen kannst.<\/p>\n<p>[\/et_pb_text][\/et_pb_column][\/et_pb_row][\/et_pb_section][et_pb_section fb_built=&#8220;1&#8243; _builder_version=&#8220;4.25.2&#8243; _module_preset=&#8220;default&#8220; custom_padding=&#8220;0px||0px||false|false&#8220; global_colors_info=&#8220;{}&#8220;][et_pb_row _builder_version=&#8220;4.25.2&#8243; _module_preset=&#8220;default&#8220; width=&#8220;100%&#8220; max_width=&#8220;100%&#8220; custom_padding=&#8220;0px||0px||false|false&#8220; global_colors_info=&#8220;{}&#8220;][et_pb_column type=&#8220;4_4&#8243; _builder_version=&#8220;4.25.2&#8243; _module_preset=&#8220;default&#8220; global_colors_info=&#8220;{}&#8220;][et_pb_image src=&#8220;https:\/\/tsv-haubersbronn.de\/tennis\/wp-content\/uploads\/sites\/7\/2025\/05\/tennis_3.png&#8220; title_text=&#8220;tennis_3&#8243; force_fullwidth=&#8220;on&#8220; _builder_version=&#8220;4.25.2&#8243; _module_preset=&#8220;default&#8220; global_colors_info=&#8220;{}&#8220;][\/et_pb_image][\/et_pb_column][\/et_pb_row][\/et_pb_section][et_pb_section fb_built=&#8220;1&#8243; _builder_version=&#8220;4.25.2&#8243; _module_preset=&#8220;default&#8220; background_color=&#8220;#FFFFFF&#8220; global_colors_info=&#8220;{}&#8220;][et_pb_row admin_label=&#8220;row&#8220; _builder_version=&#8220;4.25.2&#8243; _module_preset=&#8220;_initial&#8220; locked=&#8220;off&#8220; global_colors_info=&#8220;{}&#8220;][et_pb_column type=&#8220;4_4&#8243; _builder_version=&#8220;4.16&#8243; _module_preset=&#8220;default&#8220; custom_padding=&#8220;|||&#8220; global_colors_info=&#8220;{}&#8220; custom_padding__hover=&#8220;|||&#8220;][et_pb_text _builder_version=&#8220;4.27.5&#8243; _module_preset=&#8220;_initial&#8220; global_colors_info=&#8220;{}&#8220;]<\/p>\n<h2>Mitglied werden<\/h2>\n<p>[\/et_pb_text][\/et_pb_column][\/et_pb_row][et_pb_row use_custom_gutter=&#8220;on&#8220; gutter_width=&#8220;2&#8243; make_equal=&#8220;on&#8220; _builder_version=&#8220;4.25.2&#8243; _module_preset=&#8220;_initial&#8220; global_colors_info=&#8220;{}&#8220;][et_pb_column type=&#8220;4_4&#8243; _builder_version=&#8220;4.25.2&#8243; _module_preset=&#8220;default&#8220; custom_padding=&#8220;||80px||false|false&#8220; border_color_all=&#8220;#000000&#8243; global_colors_info=&#8220;{}&#8220;][et_pb_text _builder_version=&#8220;4.27.5&#8243; _module_preset=&#8220;_initial&#8220; global_colors_info=&#8220;{}&#8220;]<\/p>\n<p>Wenn Dich entschieden hast, Mitglied bei uns zu werden, f\u00fcllst Du einfach den \u201eAntrag auf Mitgliedschaft\u201c aus (findest Du im<span>\u00a0<\/span><a href=\"\/tennis\/dokumente\/\" rel=\"noreferrer\">Dokumenten-Download<\/a>) und schickst ihn an den<span>\u00a0<\/span><a href=\"mailto:vorstand1.tennis@tsv-haubersbronn.de?subject=Mitgliedschaft\" target=\"_blank\" rel=\"noopener noreferrer\">Vorstand<\/a>, alternativ kannst Du ihn auch in den Briefkasten am<span>\u00a0<\/span><a href=\"https:\/\/www.gasthausanderwieslauf.de\/\" target=\"_blank\" rel=\"noopener noreferrer\">Vereinsheim<\/a><span>\u00a0<\/span>werfen.<\/p>\n<p><strong>Was kostet mich die Mitgliedschaft?<\/strong><span>\u00a0<\/span>Unsere fairen Beitragss\u00e4tze findest Du im Detail in der Beitragsordnung (im<span>\u00a0<\/span><a href=\"\/tennis\/dokumente\/\" rel=\"noreferrer\">Dokumenten-Download<\/a>) . Unter Punkt 301 findest Du den Tennis-Beitrag f\u00fcr einen Erwachsenen, hinzu kommt unter Punkt 1 der Beitrag an den Hauptverein (da wir dessen Einrichtungen ben\u00fctzen).<span>\u00a0<\/span><strong>Reduzierte Beitrags\u00e4tze gibt es z.B. f\u00fcr Familien oder Jugendliche.<span>\u00a0<\/span><\/strong>Bei Fragen zur Mitgliedschaft wende Dich einfach an den<span>\u00a0<\/span><a href=\"mailto:vorstand1.tennis@tsv-haubersbronn.de?subject=Mitgliedschaft\" target=\"_blank\" rel=\"noopener\">Vorstand<\/a>.<\/p>\n<p><strong>Arbeitsstunden:<\/strong><span>\u00a0<\/span>Um unsere sch\u00f6ne Anlage gepflegt und gut bespielbar zu halten, ben\u00f6tigen wir Eure Mitarbeit. Deshalb leisten alle aktiven Mitglieder im Alter von 16 .. 70 Jahren je<span>\u00a0<\/span><strong>8 Arbeitsstunden \/ Jahr<\/strong><span>\u00a0<\/span>. Viele Arbeitseins\u00e4tze sind fr\u00fchzeitig geplant, und findest Du in der linken Spalte der Homepage. Es gibt jedoch auch dar\u00fcber hinaus jede Menge zu tun, kontaktiere einfach den<span>\u00a0<\/span><a href=\"mailto:vorstand1.tennis@tsv-haubersbronn.de?subject=Mitgliedschaft\" target=\"_blank\" rel=\"noopener\">Vorstand<\/a>.<br \/>F\u00fcr nicht abgeleistete Arbeitsstunden berechnen wir<span>\u00a0<\/span><strong>15\u20ac\/Std<\/strong>. (Beschluss vom 9.4.25) da wir dann diese Arbeiten kostenpflichtig beauftragen m\u00fcssen.<\/p>\n<p>[\/et_pb_text][\/et_pb_column][\/et_pb_row][\/et_pb_section][et_pb_section fb_built=&#8220;1&#8243; _builder_version=&#8220;4.25.2&#8243; _module_preset=&#8220;default&#8220; custom_padding=&#8220;||102px|||&#8220; global_colors_info=&#8220;{}&#8220;][et_pb_row _builder_version=&#8220;4.25.2&#8243; _module_preset=&#8220;_initial&#8220; global_colors_info=&#8220;{}&#8220;][et_pb_column type=&#8220;4_4&#8243; _builder_version=&#8220;4.25.2&#8243; _module_preset=&#8220;default&#8220; global_colors_info=&#8220;{}&#8220;][et_pb_text _builder_version=&#8220;4.27.5&#8243; _module_preset=&#8220;_initial&#8220; text_orientation=&#8220;center&#8220; locked=&#8220;off&#8220; global_colors_info=&#8220;{}&#8220;]<\/p>\n<h2>#hautnah erleben<\/h2>\n<p>[\/et_pb_text][\/et_pb_column][\/et_pb_row][et_pb_row _builder_version=&#8220;4.25.2&#8243; _module_preset=&#8220;_initial&#8220; width=&#8220;100%&#8220; max_width=&#8220;100%&#8220; global_colors_info=&#8220;{}&#8220;][et_pb_column type=&#8220;4_4&#8243; _builder_version=&#8220;4.25.2&#8243; _module_preset=&#8220;default&#8220; global_colors_info=&#8220;{}&#8220;][dipi_carousel space_between=&#8220;10&#8243; loop_wide=&#8220;on&#8220; autoplay_wide=&#8220;on&#8220; show_lightbox=&#8220;off&#8220; dynamic_bullets=&#8220;off&#8220; _builder_version=&#8220;4.25.2&#8243; _module_preset=&#8220;default&#8220; global_colors_info=&#8220;{}&#8220;][dipi_carousel_child img_src=&#8220;https:\/\/tsv-haubersbronn.de\/tennis\/wp-content\/uploads\/sites\/7\/2025\/06\/IMG_20250615_171717015_klein-scaled.jpg&#8220; _builder_version=&#8220;4.25.2&#8243; _module_preset=&#8220;default&#8220; border_radii_img=&#8220;on|50px|50px|50px|50px&#8220; global_colors_info=&#8220;{}&#8220;][\/dipi_carousel_child][dipi_carousel_child img_src=&#8220;https:\/\/tsv-haubersbronn.de\/tennis\/wp-content\/uploads\/sites\/7\/2025\/06\/IMG_6429-scaled.jpeg&#8220; img_width=&#8220;65%&#8220; _builder_version=&#8220;4.25.2&#8243; _module_preset=&#8220;default&#8220; border_radii_img=&#8220;on|50px|50px|50px|50px&#8220; global_colors_info=&#8220;{}&#8220;][\/dipi_carousel_child][dipi_carousel_child img_src=&#8220;https:\/\/tsv-haubersbronn.de\/tennis\/wp-content\/uploads\/sites\/7\/2025\/06\/IMG_20250615_171810151_klein-scaled.jpg&#8220; img_width=&#8220;70%&#8220; _builder_version=&#8220;4.25.2&#8243; _module_preset=&#8220;default&#8220; border_radii_img=&#8220;on|50px|50px|50px|50px&#8220; global_colors_info=&#8220;{}&#8220;][\/dipi_carousel_child][dipi_carousel_child img_src=&#8220;https:\/\/tsv-haubersbronn.de\/tennis\/wp-content\/uploads\/sites\/7\/2025\/06\/IMG_20250615_172259104_klein-scaled.jpg&#8220; _builder_version=&#8220;4.25.2&#8243; _module_preset=&#8220;default&#8220; border_radii_img=&#8220;on|50px|50px|50px|50px&#8220; global_colors_info=&#8220;{}&#8220;][\/dipi_carousel_child][dipi_carousel_child img_src=&#8220;https:\/\/tsv-haubersbronn.de\/tennis\/wp-content\/uploads\/sites\/7\/2025\/06\/Uebersicht_Anlage-scaled.jpg&#8220; img_width=&#8220;80%&#8220; _builder_version=&#8220;4.25.2&#8243; _module_preset=&#8220;default&#8220; border_radii_img=&#8220;on|50px|50px|50px|50px&#8220; global_colors_info=&#8220;{}&#8220;][\/dipi_carousel_child][dipi_carousel_child img_src=&#8220;https:\/\/tsv-haubersbronn.de\/tennis\/wp-content\/uploads\/sites\/7\/2025\/06\/IMG_2654-scaled.jpeg&#8220; img_width=&#8220;70%&#8220; _builder_version=&#8220;4.25.2&#8243; _module_preset=&#8220;default&#8220; border_radii_img=&#8220;on|50px|50px|50px|50px&#8220; global_colors_info=&#8220;{}&#8220;][\/dipi_carousel_child][dipi_carousel_child img_src=&#8220;https:\/\/tsv-haubersbronn.de\/tennis\/wp-content\/uploads\/sites\/7\/2025\/06\/IMG_4875-scaled.jpeg&#8220; img_width=&#8220;75%&#8220; _builder_version=&#8220;4.25.2&#8243; _module_preset=&#8220;default&#8220; border_radii_img=&#8220;on|50px|50px|50px|50px&#8220; global_colors_info=&#8220;{}&#8220;][\/dipi_carousel_child][\/dipi_carousel][\/et_pb_column][\/et_pb_row][et_pb_row admin_label=&#8220;row&#8220; _builder_version=&#8220;4.25.2&#8243; _module_preset=&#8220;_initial&#8220; locked=&#8220;off&#8220; global_colors_info=&#8220;{}&#8220;][et_pb_column type=&#8220;4_4&#8243; _builder_version=&#8220;4.16&#8243; _module_preset=&#8220;default&#8220; custom_padding=&#8220;|||&#8220; global_colors_info=&#8220;{}&#8220; custom_padding__hover=&#8220;|||&#8220;][et_pb_text _builder_version=&#8220;4.27.5&#8243; _module_preset=&#8220;_initial&#8220; text_orientation=&#8220;center&#8220; global_colors_info=&#8220;{}&#8220;]<\/p>\n<p>Werde Teil der Tennis-Gemeinschaft &#8211; Komm vorbei!<\/p>\n<p>[\/et_pb_text][et_pb_button button_url=&#8220;\/mitglied-werden\/&#8220; url_new_window=&#8220;on&#8220; button_text=&#8220;Mitglied werden&#8220; button_alignment=&#8220;center&#8220; _builder_version=&#8220;4.25.2&#8243; _module_preset=&#8220;default&#8220; global_colors_info=&#8220;{}&#8220;][\/et_pb_button][\/et_pb_column][\/et_pb_row][\/et_pb_section]<\/p>\n","protected":false},"excerpt":{"rendered":"<p>Du hast Lust auf Tennis und suchst einen Verein mit famili\u00e4rer Atmosph\u00e4re im Raum Schorndorf?Dann bist Du bei uns in Haubersbronn genau richtig!Tennis kennt keine Altersgrenzen. Die Bewegung an der [&hellip;]<\/p>\n","protected":false},"author":13,"featured_media":0,"parent":0,"menu_order":0,"comment_status":"closed","ping_status":"closed","template":"","meta":{"_acf_changed":false,"_et_pb_use_builder":"on","_et_pb_old_content":"","_et_gb_content_width":"","footnotes":""},"dipi_cpt_category":[],"class_list":["post-1355","page","type-page","status-publish","hentry"],"acf":[],"_links":{"self":[{"href":"https:\/\/tsv-haubersbronn.de\/tennis\/wp-json\/wp\/v2\/pages\/1355","targetHints":{"allow":["GET"]}}],"collection":[{"href":"https:\/\/tsv-haubersbronn.de\/tennis\/wp-json\/wp\/v2\/pages"}],"about":[{"href":"https:\/\/tsv-haubersbronn.de\/tennis\/wp-json\/wp\/v2\/types\/page"}],"author":[{"embeddable":true,"href":"https:\/\/tsv-haubersbronn.de\/tennis\/wp-json\/wp\/v2\/users\/13"}],"replies":[{"embeddable":true,"href":"https:\/\/tsv-haubersbronn.de\/tennis\/wp-json\/wp\/v2\/comments?post=1355"}],"version-history":[{"count":15,"href":"https:\/\/tsv-haubersbronn.de\/tennis\/wp-json\/wp\/v2\/pages\/1355\/revisions"}],"predecessor-version":[{"id":1703,"href":"https:\/\/tsv-haubersbronn.de\/tennis\/wp-json\/wp\/v2\/pages\/1355\/revisions\/1703"}],"wp:attachment":[{"href":"https:\/\/tsv-haubersbronn.de\/tennis\/wp-json\/wp\/v2\/media?parent=1355"}],"wp:term":[{"taxonomy":"dipi_cpt_category","embeddable":true,"href":"https:\/\/tsv-haubersbronn.de\/tennis\/wp-json\/wp\/v2\/dipi_cpt_category?post=1355"}],"curies":[{"name":"wp","href":"https:\/\/api.w.org\/{rel}","templated":true}]}}