{"id":401,"date":"2025-05-20T21:17:08","date_gmt":"2025-05-20T19:17:08","guid":{"rendered":"http:\/\/jew.achtender.eu\/tennis\/?page_id=401"},"modified":"2026-04-16T20:42:46","modified_gmt":"2026-04-16T18:42:46","slug":"anlagen","status":"publish","type":"page","link":"https:\/\/tsv-haubersbronn.de\/tennis\/anlagen\/","title":{"rendered":"Anlagen"},"content":{"rendered":"<p>[et_pb_section fb_built=&#8220;1&#8243; _builder_version=&#8220;4.25.2&#8243; _module_preset=&#8220;default&#8220; background_color=&#8220;#F9812A&#8220; custom_padding=&#8220;10vw||||false|false&#8220; global_colors_info=&#8220;{}&#8220;][et_pb_row _builder_version=&#8220;4.27.5&#8243; _module_preset=&#8220;92fda5b1-79b9-4e7a-9ab2-61561768efa0&#8243; z_index=&#8220;10&#8243; locked=&#8220;off&#8220; global_colors_info=&#8220;{}&#8220;][et_pb_column type=&#8220;4_4&#8243; _builder_version=&#8220;4.25.2&#8243; _module_preset=&#8220;default&#8220; global_colors_info=&#8220;{}&#8220;][et_pb_slider show_arrows=&#8220;off&#8220; show_pagination=&#8220;off&#8220; _builder_version=&#8220;4.27.5&#8243; _module_preset=&#8220;default&#8220; header_level=&#8220;h1&#8243; header_font=&#8220;Poppins LOKAL|||on|||||&#8220; header_font_size=&#8220;80px&#8220; header_line_height=&#8220;80px&#8220; z_index=&#8220;3&#8243; custom_margin=&#8220;||-200px||false|false&#8220; custom_margin_tablet=&#8220;||0px||false|false&#8220; custom_margin_phone=&#8220;||0px||false|false&#8220; custom_margin_last_edited=&#8220;on|tablet&#8220; custom_padding=&#8220;|0px||0px|false|true&#8220; header_font_size_tablet=&#8220;60px&#8220; header_font_size_phone=&#8220;42px&#8220; header_font_size_last_edited=&#8220;on|tablet&#8220; header_line_height_tablet=&#8220;80px&#8220; header_line_height_phone=&#8220;45px&#8220; header_line_height_last_edited=&#8220;on|desktop&#8220; border_radii=&#8220;on|30px|30px|30px|30px&#8220; global_colors_info=&#8220;{}&#8220;][et_pb_slide heading=&#8220;Anlagen&#8220; _builder_version=&#8220;4.27.5&#8243; _module_preset=&#8220;default&#8220; background_color=&#8220;RGBA(255,255,255,0)&#8220; background_enable_color=&#8220;on&#8220; background_image=&#8220;https:\/\/tsv-haubersbronn.de\/tennis\/wp-content\/uploads\/sites\/7\/2025\/06\/Uebersicht_Anlage-scaled.jpg&#8220; background_enable_image=&#8220;on&#8220; global_colors_info=&#8220;{}&#8220; sticky_transition=&#8220;on&#8220;][\/et_pb_slide][\/et_pb_slider][\/et_pb_column][\/et_pb_row][\/et_pb_section][et_pb_section fb_built=&#8220;1&#8243; admin_label=&#8220;section&#8220; _builder_version=&#8220;4.25.2&#8243; _module_preset=&#8220;default&#8220; custom_padding=&#8220;0px||0px||false|false&#8220; global_colors_info=&#8220;{}&#8220;][et_pb_row _builder_version=&#8220;4.25.2&#8243; _module_preset=&#8220;_initial&#8220; background_color=&#8220;#F9812A&#8220; width=&#8220;100%&#8220; max_width=&#8220;100%&#8220; custom_padding=&#8220;0px||0px||true|false&#8220; global_colors_info=&#8220;{}&#8220;][et_pb_column type=&#8220;4_4&#8243; _builder_version=&#8220;4.25.2&#8243; _module_preset=&#8220;default&#8220; global_colors_info=&#8220;{}&#8220;][et_pb_divider show_divider=&#8220;off&#8220; _builder_version=&#8220;4.25.2&#8243; _module_preset=&#8220;default&#8220; background_color=&#8220;#FFFFFF&#8220; z_index=&#8220;1&#8243; height=&#8220;50px&#8220; border_radii=&#8220;off|50px|50px||&#8220; global_colors_info=&#8220;{}&#8220;][\/et_pb_divider][\/et_pb_column][\/et_pb_row][et_pb_row admin_label=&#8220;row&#8220; _builder_version=&#8220;4.25.2&#8243; _module_preset=&#8220;_initial&#8220; custom_padding=&#8220;10vw||||false|false&#8220; global_colors_info=&#8220;{}&#8220;][et_pb_column type=&#8220;4_4&#8243; _builder_version=&#8220;4.16&#8243; _module_preset=&#8220;default&#8220; custom_padding=&#8220;|||&#8220; global_colors_info=&#8220;{}&#8220; custom_padding__hover=&#8220;|||&#8220;][et_pb_text _builder_version=&#8220;4.27.5&#8243; _module_preset=&#8220;_initial&#8220; global_colors_info=&#8220;{}&#8220; hover_enabled=&#8220;0&#8243; sticky_enabled=&#8220;0&#8243;]<\/p>\n<p>Unsere Anlage besteht aus f\u00fcnf Sandpl\u00e4tzen.<br \/>Zum geselligen Zusammensein dient uns eine kleine H\u00fctte mit \u00fcberdachtem Vorplatz.<br \/>Den erarbeiteten Hunger stillen wir durch Grillen vor der H\u00fctte oder aber im <a href=\"https:\/\/www.gasthausanderwieslauf.de\/\" target=\"_blank\" rel=\"noopener noreferrer\">Vereinsheim<\/a>, in dem man hervorragend isst.<\/p>\n<p>Defekte und Missst\u00e4nde meldet bitte so schnell als m\u00f6glich unserem <a href=\"mailto:anlagen.tennis@tsv-haubersbronn.de?subject=Anlagen\" target=\"_blank\" rel=\"noopener\">Technischen Sportwart.<\/a><\/p>\n<p>[\/et_pb_text][\/et_pb_column][\/et_pb_row][et_pb_row _builder_version=&#8220;4.25.2&#8243; _module_preset=&#8220;_initial&#8220; width=&#8220;100%&#8220; max_width=&#8220;100%&#8220; global_colors_info=&#8220;{}&#8220;][et_pb_column type=&#8220;4_4&#8243; _builder_version=&#8220;4.25.2&#8243; _module_preset=&#8220;default&#8220; global_colors_info=&#8220;{}&#8220;][et_pb_image src=&#8220;https:\/\/tsv-haubersbronn.de\/tennis\/wp-content\/uploads\/sites\/7\/2025\/05\/tennis_6.png&#8220; title_text=&#8220;tennis_6&#8243; force_fullwidth=&#8220;on&#8220; _builder_version=&#8220;4.25.2&#8243; _module_preset=&#8220;default&#8220; global_colors_info=&#8220;{}&#8220;][\/et_pb_image][\/et_pb_column][\/et_pb_row][et_pb_row _builder_version=&#8220;4.25.2&#8243; _module_preset=&#8220;_initial&#8220; background_color=&#8220;#F9812A&#8220; width=&#8220;100%&#8220; max_width=&#8220;100%&#8220; custom_padding=&#8220;0px||0px||true|false&#8220; locked=&#8220;off&#8220; global_colors_info=&#8220;{}&#8220;][et_pb_column type=&#8220;4_4&#8243; _builder_version=&#8220;4.25.2&#8243; _module_preset=&#8220;default&#8220; global_colors_info=&#8220;{}&#8220;][et_pb_divider show_divider=&#8220;off&#8220; _builder_version=&#8220;4.25.2&#8243; _module_preset=&#8220;default&#8220; background_color=&#8220;#FFFFFF&#8220; height=&#8220;50px&#8220; border_radii=&#8220;off|||50px|50px&#8220; global_colors_info=&#8220;{}&#8220;][\/et_pb_divider][\/et_pb_column][\/et_pb_row][\/et_pb_section][et_pb_section fb_built=&#8220;1&#8243; _builder_version=&#8220;4.25.2&#8243; _module_preset=&#8220;default&#8220; background_color=&#8220;#F9812A&#8220; border_radii=&#8220;off|||50px|50px&#8220; global_colors_info=&#8220;{}&#8220;][et_pb_row admin_label=&#8220;row&#8220; _builder_version=&#8220;4.25.2&#8243; _module_preset=&#8220;_initial&#8220; locked=&#8220;off&#8220; global_colors_info=&#8220;{}&#8220;][et_pb_column type=&#8220;4_4&#8243; _builder_version=&#8220;4.16&#8243; _module_preset=&#8220;default&#8220; custom_padding=&#8220;|||&#8220; global_colors_info=&#8220;{}&#8220; custom_padding__hover=&#8220;|||&#8220;][et_pb_text _builder_version=&#8220;4.27.5&#8243; _module_preset=&#8220;_initial&#8220; global_colors_info=&#8220;{}&#8220; hover_enabled=&#8220;0&#8243; sticky_enabled=&#8220;0&#8243;]<\/p>\n<h2><span style=\"color: #ffffff\">Adresse<\/span><\/h2>\n<p>[\/et_pb_text][\/et_pb_column][\/et_pb_row][et_pb_row _builder_version=&#8220;4.25.2&#8243; _module_preset=&#8220;_initial&#8220; global_colors_info=&#8220;{}&#8220;][et_pb_column type=&#8220;4_4&#8243; _builder_version=&#8220;4.25.2&#8243; _module_preset=&#8220;default&#8220; border_radii=&#8220;on|50px|50px|50px|50px&#8220; border_width_all=&#8220;2px&#8220; border_color_all=&#8220;#FFFFFF&#8220; global_colors_info=&#8220;{}&#8220;][et_pb_text _builder_version=&#8220;4.27.5&#8243; _module_preset=&#8220;_initial&#8220; global_colors_info=&#8220;{}&#8220; custom_padding=&#8220;20px|||20px|false|false&#8220; hover_enabled=&#8220;0&#8243; sticky_enabled=&#8220;0&#8243;]<\/p>\n<p><span style=\"color: #ffffff\">Du findest uns im Wieslauftal in Haubersbronn, einem Teilort von Schorndorf \/ Baden-W\u00fcrttemberg.<\/span><br \/><span style=\"color: #ffffff\">Mit einem Klick auf die Karte \u00f6ffnest Du den Routenplaner.<\/span><\/p>\n<p><span style=\"color: #ffffff\">Lauswiesen 2<\/span><br \/><span style=\"color: #ffffff\">73614 Schorndorf &#8211; Haubersbronn<\/span><br \/><span style=\"color: #ffffff\">Koordinaten 48.831846N, 9.546728E<\/span><\/p>\n<p>[\/et_pb_text][et_pb_image src=&#8220;https:\/\/tsv-haubersbronn.de\/tennis\/wp-content\/uploads\/sites\/7\/2024\/10\/Tennis-Haubersbronn.jpg&#8220; title_text=&#8220;Tennis-Haubersbronn&#8220; url=&#8220;https:\/\/www.google.com\/maps\/dir\/\/Lauswiesen+2,+73614+Schorndorf\/@48.8315656,9.4645896,32141m\/data=!3m1!1e3!4m8!4m7!1m0!1m5!1m1!1s0x4799b0edc74403c1:0x36fa1ffea4473a50!2m2!1d9.54699!2d48.831595?entry=ttu&amp;g_ep=EgoyMDI1MDUxNS4wIKXMDSoASAFQAw%3D%3D&#8220; url_new_window=&#8220;on&#8220; force_fullwidth=&#8220;on&#8220; _builder_version=&#8220;4.25.2&#8243; _module_preset=&#8220;default&#8220; global_colors_info=&#8220;{}&#8220;][\/et_pb_image][\/et_pb_column][\/et_pb_row][\/et_pb_section][et_pb_section fb_built=&#8220;1&#8243; _builder_version=&#8220;4.25.2&#8243; _module_preset=&#8220;default&#8220; locked=&#8220;off&#8220; global_colors_info=&#8220;{}&#8220;][et_pb_row _builder_version=&#8220;4.25.2&#8243; _module_preset=&#8220;_initial&#8220; global_colors_info=&#8220;{}&#8220;][et_pb_column type=&#8220;4_4&#8243; _builder_version=&#8220;4.25.2&#8243; _module_preset=&#8220;default&#8220; global_colors_info=&#8220;{}&#8220;][et_pb_text _builder_version=&#8220;4.27.5&#8243; _module_preset=&#8220;_initial&#8220; locked=&#8220;off&#8220; global_colors_info=&#8220;{}&#8220; hover_enabled=&#8220;0&#8243; sticky_enabled=&#8220;0&#8243;]<\/p>\n<h2 style=\"text-align: left\">Platzbelegung<\/h2>\n<p>[\/et_pb_text][\/et_pb_column][\/et_pb_row][et_pb_row _builder_version=&#8220;4.25.2&#8243; _module_preset=&#8220;_initial&#8220; border_radii=&#8220;on|50px|50px|50px|50px&#8220; border_width_all=&#8220;2px&#8220; border_color_all=&#8220;#000000&#8243; global_colors_info=&#8220;{}&#8220;][et_pb_column type=&#8220;4_4&#8243; _builder_version=&#8220;4.25.2&#8243; _module_preset=&#8220;default&#8220; custom_padding=&#8220;20px|20px|20px|20px|true|true&#8220; border_color_all=&#8220;#000000&#8243; global_colors_info=&#8220;{}&#8220;][et_pb_text _builder_version=&#8220;4.27.5&#8243; _module_preset=&#8220;_initial&#8220; global_colors_info=&#8220;{}&#8220; hover_enabled=&#8220;0&#8243; sticky_enabled=&#8220;0&#8243;]<\/p>\n<p><span>Unten findet Ihr die\u00a0<\/span><strong>wahrscheinliche<\/strong><span>\u00a0w\u00f6chentliche Platzbelegung durch Gruppentraining und m\u00f6gliche Verbandsspiele.<\/span><br \/><span>Bei \u00c4nderungen schickt bitte <\/span><a href=\"mailto:pr.tennis@tsv-haubersbronn.de?subject=Platzbelegung\" target=\"_blank\" rel=\"noopener noreferrer\">eine kurze Mail<\/a><span>!<\/span><\/p>\n<p>[\/et_pb_text][et_pb_image src=&#8220;https:\/\/tsv-haubersbronn.de\/tennis\/wp-content\/uploads\/sites\/7\/2025\/06\/Platzbelegung-2505.png&#8220; title_text=&#8220;Platzbelegung-2505&#8243; _builder_version=&#8220;4.25.2&#8243; _module_preset=&#8220;default&#8220; global_colors_info=&#8220;{}&#8220;][\/et_pb_image][et_pb_text _builder_version=&#8220;4.27.5&#8243; _module_preset=&#8220;_initial&#8220; global_colors_info=&#8220;{}&#8220; hover_enabled=&#8220;0&#8243; sticky_enabled=&#8220;0&#8243;]<\/p>\n<p><span>Mehr Details zu unseren Mannschaften , wie z.B. Spielst\u00e4rke oder Ansprechpartner, findest du auf der Seite <\/span><a href=\"\/tennis\/mannschaften\/\" rel=\"noreferrer\">Mannschaften.<\/a><\/p>\n<p>[\/et_pb_text][\/et_pb_column][\/et_pb_row][\/et_pb_section][et_pb_section fb_built=&#8220;1&#8243; _builder_version=&#8220;4.25.2&#8243; _module_preset=&#8220;default&#8220; custom_padding=&#8220;||102px|||&#8220; global_colors_info=&#8220;{}&#8220;][et_pb_row _builder_version=&#8220;4.25.2&#8243; _module_preset=&#8220;_initial&#8220; global_colors_info=&#8220;{}&#8220;][et_pb_column type=&#8220;4_4&#8243; _builder_version=&#8220;4.25.2&#8243; _module_preset=&#8220;default&#8220; global_colors_info=&#8220;{}&#8220;][et_pb_text _builder_version=&#8220;4.27.5&#8243; _module_preset=&#8220;_initial&#8220; locked=&#8220;off&#8220; global_colors_info=&#8220;{}&#8220; text_orientation=&#8220;center&#8220; hover_enabled=&#8220;0&#8243; sticky_enabled=&#8220;0&#8243;]<\/p>\n<h2>#hautnah erleben<\/h2>\n<p>[\/et_pb_text][\/et_pb_column][\/et_pb_row][et_pb_row _builder_version=&#8220;4.25.2&#8243; _module_preset=&#8220;_initial&#8220; width=&#8220;100%&#8220; max_width=&#8220;100%&#8220; global_colors_info=&#8220;{}&#8220;][et_pb_column type=&#8220;4_4&#8243; _builder_version=&#8220;4.25.2&#8243; _module_preset=&#8220;default&#8220; global_colors_info=&#8220;{}&#8220;][dipi_carousel space_between=&#8220;10&#8243; loop_wide=&#8220;on&#8220; autoplay_wide=&#8220;on&#8220; show_lightbox=&#8220;off&#8220; dynamic_bullets=&#8220;off&#8220; _builder_version=&#8220;4.25.2&#8243; _module_preset=&#8220;default&#8220; locked=&#8220;off&#8220; global_colors_info=&#8220;{}&#8220;][dipi_carousel_child img_src=&#8220;https:\/\/tsv-haubersbronn.de\/tennis\/wp-content\/uploads\/sites\/7\/2025\/06\/IMG_20250615_171717015_klein-scaled.jpg&#8220; _builder_version=&#8220;4.25.2&#8243; _module_preset=&#8220;default&#8220; border_radii_img=&#8220;on|50px|50px|50px|50px&#8220; global_colors_info=&#8220;{}&#8220;][\/dipi_carousel_child][dipi_carousel_child img_src=&#8220;https:\/\/tsv-haubersbronn.de\/tennis\/wp-content\/uploads\/sites\/7\/2025\/06\/IMG_6429-scaled.jpeg&#8220; img_width=&#8220;65%&#8220; _builder_version=&#8220;4.25.2&#8243; _module_preset=&#8220;default&#8220; border_radii_img=&#8220;on|50px|50px|50px|50px&#8220; global_colors_info=&#8220;{}&#8220;][\/dipi_carousel_child][dipi_carousel_child img_src=&#8220;https:\/\/tsv-haubersbronn.de\/tennis\/wp-content\/uploads\/sites\/7\/2025\/06\/IMG_20250615_171810151_klein-scaled.jpg&#8220; img_width=&#8220;70%&#8220; _builder_version=&#8220;4.25.2&#8243; _module_preset=&#8220;default&#8220; border_radii_img=&#8220;on|50px|50px|50px|50px&#8220; global_colors_info=&#8220;{}&#8220;][\/dipi_carousel_child][dipi_carousel_child img_src=&#8220;https:\/\/tsv-haubersbronn.de\/tennis\/wp-content\/uploads\/sites\/7\/2025\/06\/IMG_20250615_172259104_klein-scaled.jpg&#8220; _builder_version=&#8220;4.25.2&#8243; _module_preset=&#8220;default&#8220; border_radii_img=&#8220;on|50px|50px|50px|50px&#8220; global_colors_info=&#8220;{}&#8220;][\/dipi_carousel_child][dipi_carousel_child img_src=&#8220;https:\/\/tsv-haubersbronn.de\/tennis\/wp-content\/uploads\/sites\/7\/2025\/06\/Uebersicht_Anlage-scaled.jpg&#8220; img_width=&#8220;80%&#8220; _builder_version=&#8220;4.25.2&#8243; _module_preset=&#8220;default&#8220; border_radii_img=&#8220;on|50px|50px|50px|50px&#8220; global_colors_info=&#8220;{}&#8220;][\/dipi_carousel_child][dipi_carousel_child img_src=&#8220;https:\/\/tsv-haubersbronn.de\/tennis\/wp-content\/uploads\/sites\/7\/2025\/06\/IMG_2654-scaled.jpeg&#8220; img_width=&#8220;70%&#8220; _builder_version=&#8220;4.25.2&#8243; _module_preset=&#8220;default&#8220; border_radii_img=&#8220;on|50px|50px|50px|50px&#8220; global_colors_info=&#8220;{}&#8220;][\/dipi_carousel_child][dipi_carousel_child img_src=&#8220;https:\/\/tsv-haubersbronn.de\/tennis\/wp-content\/uploads\/sites\/7\/2025\/06\/IMG_4875-scaled.jpeg&#8220; img_width=&#8220;75%&#8220; _builder_version=&#8220;4.25.2&#8243; _module_preset=&#8220;default&#8220; border_radii_img=&#8220;on|50px|50px|50px|50px&#8220; global_colors_info=&#8220;{}&#8220;][\/dipi_carousel_child][\/dipi_carousel][\/et_pb_column][\/et_pb_row][et_pb_row admin_label=&#8220;row&#8220; _builder_version=&#8220;4.25.2&#8243; _module_preset=&#8220;_initial&#8220; locked=&#8220;off&#8220; global_colors_info=&#8220;{}&#8220;][et_pb_column type=&#8220;4_4&#8243; _builder_version=&#8220;4.16&#8243; _module_preset=&#8220;default&#8220; custom_padding=&#8220;|||&#8220; global_colors_info=&#8220;{}&#8220; custom_padding__hover=&#8220;|||&#8220;][et_pb_text _builder_version=&#8220;4.27.5&#8243; _module_preset=&#8220;_initial&#8220; global_colors_info=&#8220;{}&#8220; text_orientation=&#8220;center&#8220; hover_enabled=&#8220;0&#8243; sticky_enabled=&#8220;0&#8243;]<\/p>\n<p>Werde Teil der Tennis-Gemeinschaft &#8211; Komm vorbei!<\/p>\n<p>[\/et_pb_text][et_pb_button button_url=&#8220;\/mitglied-werden&#8220; button_text=&#8220;Mitglied werden&#8220; button_alignment=&#8220;center&#8220; _builder_version=&#8220;4.25.2&#8243; _module_preset=&#8220;default&#8220; global_colors_info=&#8220;{}&#8220;][\/et_pb_button][\/et_pb_column][\/et_pb_row][\/et_pb_section]<\/p>\n","protected":false},"excerpt":{"rendered":"<p>Unsere Anlage besteht aus f\u00fcnf Sandpl\u00e4tzen.Zum geselligen Zusammensein dient uns eine kleine H\u00fctte mit \u00fcberdachtem Vorplatz.Den erarbeiteten Hunger stillen wir durch Grillen vor der H\u00fctte oder aber im Vereinsheim, in [&hellip;]<\/p>\n","protected":false},"author":13,"featured_media":0,"parent":0,"menu_order":0,"comment_status":"closed","ping_status":"closed","template":"","meta":{"_acf_changed":false,"_et_pb_use_builder":"on","_et_pb_old_content":"","_et_gb_content_width":"","footnotes":""},"dipi_cpt_category":[],"class_list":["post-401","page","type-page","status-publish","hentry"],"acf":[],"_links":{"self":[{"href":"https:\/\/tsv-haubersbronn.de\/tennis\/wp-json\/wp\/v2\/pages\/401","targetHints":{"allow":["GET"]}}],"collection":[{"href":"https:\/\/tsv-haubersbronn.de\/tennis\/wp-json\/wp\/v2\/pages"}],"about":[{"href":"https:\/\/tsv-haubersbronn.de\/tennis\/wp-json\/wp\/v2\/types\/page"}],"author":[{"embeddable":true,"href":"https:\/\/tsv-haubersbronn.de\/tennis\/wp-json\/wp\/v2\/users\/13"}],"replies":[{"embeddable":true,"href":"https:\/\/tsv-haubersbronn.de\/tennis\/wp-json\/wp\/v2\/comments?post=401"}],"version-history":[{"count":21,"href":"https:\/\/tsv-haubersbronn.de\/tennis\/wp-json\/wp\/v2\/pages\/401\/revisions"}],"predecessor-version":[{"id":1689,"href":"https:\/\/tsv-haubersbronn.de\/tennis\/wp-json\/wp\/v2\/pages\/401\/revisions\/1689"}],"wp:attachment":[{"href":"https:\/\/tsv-haubersbronn.de\/tennis\/wp-json\/wp\/v2\/media?parent=401"}],"wp:term":[{"taxonomy":"dipi_cpt_category","embeddable":true,"href":"https:\/\/tsv-haubersbronn.de\/tennis\/wp-json\/wp\/v2\/dipi_cpt_category?post=401"}],"curies":[{"name":"wp","href":"https:\/\/api.w.org\/{rel}","templated":true}]}}