{"id":380,"date":"2025-03-19T20:16:26","date_gmt":"2025-03-19T19:16:26","guid":{"rendered":"http:\/\/jew.achtender.eu\/tischtennis\/?page_id=380"},"modified":"2025-10-03T11:05:53","modified_gmt":"2025-10-03T09:05:53","slug":"training","status":"publish","type":"page","link":"https:\/\/tsv-haubersbronn.de\/tischtennis\/training\/","title":{"rendered":"Training"},"content":{"rendered":"<p>[et_pb_section fb_built=&#8220;1&#8243; _builder_version=&#8220;4.25.2&#8243; _module_preset=&#8220;default&#8220; background_color=&#8220;#349E92&#8243; custom_padding=&#8220;10vw||||false|false&#8220; collapsed=&#8220;on&#8220; global_colors_info=&#8220;{}&#8220;][et_pb_row _builder_version=&#8220;4.25.2&#8243; _module_preset=&#8220;default&#8220; z_index=&#8220;10&#8243; global_colors_info=&#8220;{}&#8220;][et_pb_column type=&#8220;4_4&#8243; _builder_version=&#8220;4.25.2&#8243; _module_preset=&#8220;default&#8220; global_colors_info=&#8220;{}&#8220;][et_pb_slider show_arrows=&#8220;off&#8220; show_pagination=&#8220;off&#8220; _builder_version=&#8220;4.25.2&#8243; _module_preset=&#8220;default&#8220; header_level=&#8220;h1&#8243; header_font=&#8220;Poppins Bold LOKAL|||on|||||&#8220; header_font_size=&#8220;80px&#8220; header_line_height=&#8220;80px&#8220; z_index=&#8220;3&#8243; custom_margin=&#8220;||-200px||false|false&#8220; custom_margin_tablet=&#8220;||-200px||false|false&#8220; custom_margin_phone=&#8220;||-200px||false|false&#8220; custom_margin_last_edited=&#8220;on|desktop&#8220; header_font_size_tablet=&#8220;80px&#8220; header_font_size_phone=&#8220;42px&#8220; header_font_size_last_edited=&#8220;on|desktop&#8220; header_line_height_tablet=&#8220;80px&#8220; header_line_height_phone=&#8220;45px&#8220; header_line_height_last_edited=&#8220;on|desktop&#8220; global_colors_info=&#8220;{}&#8220;][et_pb_slide heading=&#8220;Training&#8220; _builder_version=&#8220;4.25.2&#8243; _module_preset=&#8220;default&#8220; background_color=&#8220;RGBA(255,255,255,0)&#8220; background_enable_color=&#8220;on&#8220; background_image=&#8220;https:\/\/tsv-haubersbronn.de\/tischtennis\/wp-content\/uploads\/sites\/4\/2024\/10\/turnen-header2.png&#8220; background_enable_image=&#8220;on&#8220; background_size=&#8220;contain&#8220; global_colors_info=&#8220;{}&#8220; sticky_transition=&#8220;on&#8220;][\/et_pb_slide][\/et_pb_slider][\/et_pb_column][\/et_pb_row][\/et_pb_section][et_pb_section fb_built=&#8220;1&#8243; admin_label=&#8220;section&#8220; _builder_version=&#8220;4.25.2&#8243; _module_preset=&#8220;default&#8220; custom_padding=&#8220;0px||0px||false|false&#8220; collapsed=&#8220;off&#8220; global_colors_info=&#8220;{}&#8220;][et_pb_row _builder_version=&#8220;4.25.2&#8243; _module_preset=&#8220;default&#8220; background_color=&#8220;#349E92&#8243; width=&#8220;100%&#8220; max_width=&#8220;100%&#8220; custom_padding=&#8220;0px||0px||true|false&#8220; global_colors_info=&#8220;{}&#8220;][et_pb_column type=&#8220;4_4&#8243; _builder_version=&#8220;4.25.2&#8243; _module_preset=&#8220;default&#8220; global_colors_info=&#8220;{}&#8220;][et_pb_divider show_divider=&#8220;off&#8220; _builder_version=&#8220;4.25.2&#8243; _module_preset=&#8220;default&#8220; background_color=&#8220;#FFFFFF&#8220; z_index=&#8220;1&#8243; height=&#8220;50px&#8220; border_radii=&#8220;off|50px|50px||&#8220; global_colors_info=&#8220;{}&#8220;][\/et_pb_divider][\/et_pb_column][\/et_pb_row][et_pb_row admin_label=&#8220;row&#8220; _builder_version=&#8220;4.25.2&#8243; _module_preset=&#8220;default&#8220; min_height=&#8220;88px&#8220; custom_margin=&#8220;72px|auto||auto||&#8220; locked=&#8220;off&#8220; collapsed=&#8220;off&#8220; global_colors_info=&#8220;{}&#8220;][et_pb_column type=&#8220;4_4&#8243; _builder_version=&#8220;4.16&#8243; _module_preset=&#8220;default&#8220; custom_padding=&#8220;|||&#8220; global_colors_info=&#8220;{}&#8220; custom_padding__hover=&#8220;|||&#8220;][et_pb_text _builder_version=&#8220;4.25.2&#8243; _module_preset=&#8220;default&#8220; text_font=&#8220;||||||||&#8220; text_font_size=&#8220;40px&#8220; text_line_height=&#8220;50px&#8220; header_2_font=&#8220;&#8211;et_global_heading_font||||||||&#8220; header_2_text_color=&#8220;#000000&#8243; header_2_font_size=&#8220;60px&#8220; header_2_line_height=&#8220;60px&#8220; background_layout=&#8220;dark&#8220; max_width=&#8220;1479px&#8220; text_font_size_tablet=&#8220;40px&#8220; text_font_size_phone=&#8220;40px&#8220; text_font_size_last_edited=&#8220;on|desktop&#8220; text_line_height_tablet=&#8220;50px&#8220; text_line_height_phone=&#8220;50px&#8220; text_line_height_last_edited=&#8220;on|desktop&#8220; header_2_font_size_tablet=&#8220;60px&#8220; header_2_font_size_phone=&#8220;60px&#8220; header_2_font_size_last_edited=&#8220;on|desktop&#8220; header_2_line_height_tablet=&#8220;60px&#8220; header_2_line_height_phone=&#8220;60px&#8220; header_2_line_height_last_edited=&#8220;on|desktop&#8220; custom_css_main_element=&#8220;font-weight:400;&#8220; custom_css_free_form=&#8220;selector h2 {font-weight:400;}&#8220; global_colors_info=&#8220;{}&#8220;][\/et_pb_text][\/et_pb_column][\/et_pb_row][et_pb_row column_structure=&#8220;1_2,1_2&#8243; use_custom_gutter=&#8220;on&#8220; gutter_width=&#8220;2&#8243; make_equal=&#8220;on&#8220; _builder_version=&#8220;4.25.2&#8243; _module_preset=&#8220;default&#8220; locked=&#8220;off&#8220; collapsed=&#8220;off&#8220; global_colors_info=&#8220;{}&#8220;][et_pb_column type=&#8220;1_2&#8243; _builder_version=&#8220;4.25.2&#8243; _module_preset=&#8220;default&#8220; custom_padding=&#8220;||80px||false|false&#8220; border_radii=&#8220;on|50px|50px|50px|50px&#8220; border_width_all=&#8220;2px&#8220; border_color_all=&#8220;#000000&#8243; global_colors_info=&#8220;{}&#8220;][et_pb_text _builder_version=&#8220;4.25.2&#8243; _module_preset=&#8220;default&#8220; text_text_color=&#8220;#000000&#8243; header_2_font=&#8220;&#8211;et_global_heading_font||||||||&#8220; header_2_text_color=&#8220;#000000&#8243; header_2_font_size=&#8220;60px&#8220; header_2_line_height=&#8220;60px&#8220; background_layout=&#8220;dark&#8220; custom_padding=&#8220;|20px|0px|20px|false|true&#8220; header_2_font_size_tablet=&#8220;60px&#8220; header_2_font_size_phone=&#8220;60px&#8220; header_2_font_size_last_edited=&#8220;on|desktop&#8220; header_2_line_height_tablet=&#8220;60px&#8220; header_2_line_height_phone=&#8220;60px&#8220; header_2_line_height_last_edited=&#8220;on|desktop&#8220; custom_css_main_element=&#8220;font-weight:400;&#8220; custom_css_free_form=&#8220;selector h2 {font-weight:400;}&#8220; global_colors_info=&#8220;{}&#8220;]<\/p>\n<p data-start=\"216\" data-end=\"287\"><strong><\/strong><\/p>\n<p data-start=\"289\" data-end=\"523\"><strong>Spiel, Spa\u00df und sportlicher Wettbewerb &#8211;<\/strong><br data-start=\"389\" data-end=\"392\" \/><strong>f\u00fcr jeden ist etwas dabei!<\/strong><\/p>\n<p data-start=\"289\" data-end=\"523\">Ob ambitionierter Wettk\u00e4mpfer oder Gelegenheitsspieler \u2013 beim TSV Haubersbronn ist jeder willkommen.<br data-start=\"389\" data-end=\"392\" \/>Unsere Mitglieder messen sich nicht nur bei vereinsinternen Turnieren, sondern nehmen auch regelm\u00e4\u00dfig an externen Wettk\u00e4mpfen teil.<\/p>\n<p data-start=\"525\" data-end=\"710\">Doch auch ohne Wettkampfdruck kann man bei uns Spa\u00df am Spiel haben:<br data-start=\"592\" data-end=\"595\" \/>Wer einfach mal reinschnuppern oder in lockerer Atmosph\u00e4re mitspielen m\u00f6chte, findet bei uns jederzeit einen Platz!<\/p>\n<p>[\/et_pb_text][\/et_pb_column][et_pb_column type=&#8220;1_2&#8243; _builder_version=&#8220;4.25.2&#8243; _module_preset=&#8220;default&#8220; background_image=&#8220;https:\/\/tsv-haubersbronn.de\/tischtennis\/wp-content\/uploads\/sites\/4\/2025\/03\/20241017_210446-scaled.jpg&#8220; custom_padding=&#8220;||80px||false|false&#8220; border_radii=&#8220;on|50px|50px|50px|50px&#8220; border_width_all=&#8220;2px&#8220; border_color_all=&#8220;#000000&#8243; global_colors_info=&#8220;{}&#8220;][et_pb_image _builder_version=&#8220;4.25.2&#8243; _module_preset=&#8220;default&#8220; global_colors_info=&#8220;{}&#8220;][\/et_pb_image][\/et_pb_column][\/et_pb_row][et_pb_row use_custom_gutter=&#8220;on&#8220; gutter_width=&#8220;2&#8243; make_equal=&#8220;on&#8220; _builder_version=&#8220;4.25.2&#8243; _module_preset=&#8220;default&#8220; custom_padding=&#8220;||0px|||&#8220; locked=&#8220;off&#8220; collapsed=&#8220;off&#8220; global_colors_info=&#8220;{}&#8220;][et_pb_column type=&#8220;4_4&#8243; _builder_version=&#8220;4.25.2&#8243; _module_preset=&#8220;default&#8220; custom_padding=&#8220;||80px||false|false&#8220; border_radii=&#8220;on|50px|50px|50px|50px&#8220; border_width_all=&#8220;2px&#8220; border_color_all=&#8220;#000000&#8243; global_colors_info=&#8220;{}&#8220;][et_pb_text _builder_version=&#8220;4.25.2&#8243; _module_preset=&#8220;default&#8220; text_text_color=&#8220;#000000&#8243; header_2_font=&#8220;&#8211;et_global_heading_font||||||||&#8220; header_2_text_color=&#8220;#000000&#8243; header_2_font_size=&#8220;60px&#8220; header_2_line_height=&#8220;60px&#8220; background_layout=&#8220;dark&#8220; custom_padding=&#8220;|20px|0px|20px|false|true&#8220; hover_enabled=&#8220;0&#8243; header_2_font_size_tablet=&#8220;60px&#8220; header_2_font_size_phone=&#8220;60px&#8220; header_2_font_size_last_edited=&#8220;on|desktop&#8220; header_2_line_height_tablet=&#8220;60px&#8220; header_2_line_height_phone=&#8220;60px&#8220; header_2_line_height_last_edited=&#8220;on|desktop&#8220; custom_css_main_element=&#8220;font-weight:400;&#8220; custom_css_free_form=&#8220;selector h2 {font-weight:400;}&#8220; global_colors_info=&#8220;{}&#8220; sticky_enabled=&#8220;0&#8243;]<\/p>\n<p>&nbsp;<\/p>\n<p><strong>Sch\u00fcler \/ Jugendliche und Damen, Herren (Hobby und Aktive) trainieren bei uns zusammen<\/strong><\/p>\n<p><strong><\/strong><\/p>\n<p><strong>Unsere Trainingszeiten sind:<\/strong><\/p>\n<p>Dienstag | ganzj\u00e4hrig | 18:00 \u2013 20:00 Uhr<\/p>\n<p>Donnerstag | Mai \u2013 Oktober |18:00 \u2013 22:00 Uhr<\/p>\n<p>Donnerstag | November \u2013 April | 18:45 \u2013 22:00 Uhr<\/p>\n<p>&nbsp;<\/p>\n<p><strong>W\u00e4hrend den Schulferien und an Feiertagen findet kein Training statt!<\/strong><\/p>\n<p>[\/et_pb_text][et_pb_image _builder_version=&#8220;4.25.2&#8243; _module_preset=&#8220;default&#8220; global_colors_info=&#8220;{}&#8220;][\/et_pb_image][\/et_pb_column][\/et_pb_row][et_pb_row column_structure=&#8220;1_2,1_2&#8243; use_custom_gutter=&#8220;on&#8220; gutter_width=&#8220;2&#8243; make_equal=&#8220;on&#8220; _builder_version=&#8220;4.25.2&#8243; _module_preset=&#8220;default&#8220; locked=&#8220;off&#8220; collapsed=&#8220;off&#8220; global_colors_info=&#8220;{}&#8220;][et_pb_column type=&#8220;1_2&#8243; _builder_version=&#8220;4.25.2&#8243; _module_preset=&#8220;default&#8220; custom_padding=&#8220;||80px||false|false&#8220; border_radii=&#8220;on|50px|50px|50px|50px&#8220; border_width_all=&#8220;2px&#8220; border_color_all=&#8220;#000000&#8243; global_colors_info=&#8220;{}&#8220;][et_pb_text _builder_version=&#8220;4.25.2&#8243; _module_preset=&#8220;default&#8220; text_text_color=&#8220;#000000&#8243; header_2_font=&#8220;&#8211;et_global_heading_font||||||||&#8220; header_2_text_color=&#8220;#000000&#8243; header_2_font_size=&#8220;60px&#8220; header_2_line_height=&#8220;60px&#8220; background_layout=&#8220;dark&#8220; custom_padding=&#8220;|20px|0px|20px|false|true&#8220; header_2_font_size_tablet=&#8220;60px&#8220; header_2_font_size_phone=&#8220;60px&#8220; header_2_font_size_last_edited=&#8220;on|desktop&#8220; header_2_line_height_tablet=&#8220;60px&#8220; header_2_line_height_phone=&#8220;60px&#8220; header_2_line_height_last_edited=&#8220;on|desktop&#8220; custom_css_main_element=&#8220;font-weight:400;&#8220; custom_css_free_form=&#8220;selector h2 {font-weight:400;}&#8220; global_colors_info=&#8220;{}&#8220;]<\/p>\n<p><strong><\/strong><\/p>\n<p><strong><\/strong><\/p>\n<p><strong>T<\/strong><strong>rainings-\/Spiellokal 1<\/strong><\/p>\n<p>Lauswiesenhalle<\/p>\n<p>Lauswiesenweg 6<\/p>\n<p>73614 Schorndorf<\/p>\n<p>[\/et_pb_text][\/et_pb_column][et_pb_column type=&#8220;1_2&#8243; _builder_version=&#8220;4.25.2&#8243; _module_preset=&#8220;default&#8220; background_image=&#8220;https:\/\/tsv-haubersbronn.de\/tischtennis\/wp-content\/uploads\/sites\/4\/2024\/10\/WieslaufhalleJPG.jpg&#8220; custom_padding=&#8220;||80px||false|false&#8220; link_option_url=&#8220;https:\/\/www.google.de\/maps\/place\/Lauswiesenhalle\/@48.8322726,9.5437394,17z\/data=!4m14!1m7!3m6!1s0x4799b0ec3aebf7e7:0x2cb394f6860f466f!2sLauswiesenhalle!8m2!3d48.8322271!4d9.5451316!16s%2Fg%2F11d_8zd565!3m5!1s0x4799b0ec3aebf7e7:0x2cb394f6860f466f!8m2!3d48.8322271!4d9.5451316!16s%2Fg%2F11d_8zd565?entry=ttu&amp;g_ep=EgoyMDI0MTAwOS4wIKXMDSoASAFQAw%3D%3D&#8220; link_option_url_new_window=&#8220;on&#8220; border_radii=&#8220;on|50px|50px|50px|50px&#8220; border_width_all=&#8220;2px&#8220; border_color_all=&#8220;#000000&#8243; global_colors_info=&#8220;{}&#8220;][et_pb_image _builder_version=&#8220;4.25.2&#8243; _module_preset=&#8220;default&#8220; global_colors_info=&#8220;{}&#8220;][\/et_pb_image][\/et_pb_column][\/et_pb_row][et_pb_row _builder_version=&#8220;4.25.2&#8243; _module_preset=&#8220;default&#8220; width=&#8220;100%&#8220; max_width=&#8220;100%&#8220; collapsed=&#8220;on&#8220; global_colors_info=&#8220;{}&#8220;][et_pb_column type=&#8220;4_4&#8243; _builder_version=&#8220;4.25.2&#8243; _module_preset=&#8220;default&#8220; global_colors_info=&#8220;{}&#8220;][et_pb_image src=&#8220;https:\/\/tsv-haubersbronn.de\/tischtennis\/wp-content\/uploads\/sites\/4\/2025\/05\/tischtennis_6.png&#8220; title_text=&#8220;tischtennis_6&#8243; force_fullwidth=&#8220;on&#8220; _builder_version=&#8220;4.25.2&#8243; _module_preset=&#8220;default&#8220; global_colors_info=&#8220;{}&#8220;][\/et_pb_image][\/et_pb_column][\/et_pb_row][et_pb_row _builder_version=&#8220;4.25.2&#8243; _module_preset=&#8220;default&#8220; background_color=&#8220;#349E92&#8243; width=&#8220;100%&#8220; max_width=&#8220;100%&#8220; custom_padding=&#8220;0px||0px||true|false&#8220; locked=&#8220;off&#8220; collapsed=&#8220;on&#8220; global_colors_info=&#8220;{}&#8220;][et_pb_column type=&#8220;4_4&#8243; _builder_version=&#8220;4.25.2&#8243; _module_preset=&#8220;default&#8220; global_colors_info=&#8220;{}&#8220;][et_pb_divider show_divider=&#8220;off&#8220; _builder_version=&#8220;4.25.2&#8243; _module_preset=&#8220;default&#8220; background_color=&#8220;#FFFFFF&#8220; height=&#8220;50px&#8220; border_radii=&#8220;off|||50px|50px&#8220; global_colors_info=&#8220;{}&#8220;][\/et_pb_divider][\/et_pb_column][\/et_pb_row][\/et_pb_section][et_pb_section fb_built=&#8220;1&#8243; _builder_version=&#8220;4.25.2&#8243; _module_preset=&#8220;default&#8220; background_color=&#8220;#349E92&#8243; border_radii=&#8220;off|||50px|50px&#8220; collapsed=&#8220;on&#8220; global_colors_info=&#8220;{}&#8220;][\/et_pb_section][et_pb_section fb_built=&#8220;1&#8243; _builder_version=&#8220;4.25.2&#8243; _module_preset=&#8220;default&#8220; locked=&#8220;off&#8220; collapsed=&#8220;on&#8220; global_colors_info=&#8220;{}&#8220;][et_pb_row admin_label=&#8220;row&#8220; _builder_version=&#8220;4.25.2&#8243; _module_preset=&#8220;default&#8220; locked=&#8220;off&#8220; global_colors_info=&#8220;{}&#8220;][et_pb_column type=&#8220;4_4&#8243; _builder_version=&#8220;4.16&#8243; _module_preset=&#8220;default&#8220; custom_padding=&#8220;|||&#8220; global_colors_info=&#8220;{}&#8220; custom_padding__hover=&#8220;|||&#8220;][et_pb_text _builder_version=&#8220;4.25.2&#8243; _module_preset=&#8220;default&#8220; text_font=&#8220;||||||||&#8220; text_font_size=&#8220;30px&#8220; text_line_height=&#8220;50px&#8220; header_2_font=&#8220;&#8211;et_global_heading_font||||||||&#8220; header_2_font_size=&#8220;60px&#8220; header_2_line_height=&#8220;60px&#8220; text_orientation=&#8220;center&#8220; text_font_size_tablet=&#8220;40px&#8220; text_font_size_phone=&#8220;40px&#8220; text_font_size_last_edited=&#8220;on|desktop&#8220; text_line_height_tablet=&#8220;50px&#8220; text_line_height_phone=&#8220;50px&#8220; text_line_height_last_edited=&#8220;on|desktop&#8220; header_2_font_size_tablet=&#8220;60px&#8220; header_2_font_size_phone=&#8220;60px&#8220; header_2_font_size_last_edited=&#8220;on|desktop&#8220; header_2_line_height_tablet=&#8220;60px&#8220; header_2_line_height_phone=&#8220;60px&#8220; header_2_line_height_last_edited=&#8220;on|desktop&#8220; custom_css_main_element=&#8220;font-weight:400;&#8220; custom_css_free_form=&#8220;selector h2 {font-weight:400;}&#8220; global_colors_info=&#8220;{}&#8220;]<\/p>\n<p>Jetzt anmelden und Teil der TSV Gemeinschaft werden!<\/p>\n<p>[\/et_pb_text][et_pb_button button_url=&#8220;http:\/\/tsv-haubersbronn.de\/mitglied-werden\/&#8220; url_new_window=&#8220;on&#8220; button_text=&#8220;Mitglied werden&#8220; button_alignment=&#8220;center&#8220; _builder_version=&#8220;4.25.2&#8243; _module_preset=&#8220;default&#8220; global_colors_info=&#8220;{}&#8220;][\/et_pb_button][\/et_pb_column][\/et_pb_row][\/et_pb_section][et_pb_section fb_built=&#8220;1&#8243; _builder_version=&#8220;4.25.2&#8243; _module_preset=&#8220;default&#8220; custom_padding=&#8220;0px||0px||false|false&#8220; collapsed=&#8220;on&#8220; global_colors_info=&#8220;{}&#8220;][et_pb_row _builder_version=&#8220;4.25.2&#8243; _module_preset=&#8220;default&#8220; width=&#8220;100%&#8220; max_width=&#8220;100%&#8220; custom_padding=&#8220;0px||0px||false|false&#8220; global_colors_info=&#8220;{}&#8220;][et_pb_column type=&#8220;4_4&#8243; _builder_version=&#8220;4.25.2&#8243; _module_preset=&#8220;default&#8220; global_colors_info=&#8220;{}&#8220;][et_pb_image src=&#8220;https:\/\/tsv-haubersbronn.de\/tischtennis\/wp-content\/uploads\/sites\/4\/2025\/05\/tischtennis_3.png&#8220; title_text=&#8220;tischtennis_3&#8243; force_fullwidth=&#8220;on&#8220; _builder_version=&#8220;4.25.2&#8243; _module_preset=&#8220;default&#8220; global_colors_info=&#8220;{}&#8220;][\/et_pb_image][\/et_pb_column][\/et_pb_row][\/et_pb_section]<\/p>\n","protected":false},"excerpt":{"rendered":"<p>Spiel, Spa\u00df und sportlicher Wettbewerb -f\u00fcr jeden ist etwas dabei! Ob ambitionierter Wettk\u00e4mpfer oder Gelegenheitsspieler \u2013 beim TSV Haubersbronn ist jeder willkommen.Unsere Mitglieder messen sich nicht nur bei vereinsinternen Turnieren, [&hellip;]<\/p>\n","protected":false},"author":4,"featured_media":0,"parent":0,"menu_order":0,"comment_status":"closed","ping_status":"closed","template":"","meta":{"_acf_changed":false,"_et_pb_use_builder":"on","_et_pb_old_content":"","_et_gb_content_width":"","footnotes":""},"dipi_cpt_category":[],"class_list":["post-380","page","type-page","status-publish","hentry"],"acf":[],"_links":{"self":[{"href":"https:\/\/tsv-haubersbronn.de\/tischtennis\/wp-json\/wp\/v2\/pages\/380","targetHints":{"allow":["GET"]}}],"collection":[{"href":"https:\/\/tsv-haubersbronn.de\/tischtennis\/wp-json\/wp\/v2\/pages"}],"about":[{"href":"https:\/\/tsv-haubersbronn.de\/tischtennis\/wp-json\/wp\/v2\/types\/page"}],"author":[{"embeddable":true,"href":"https:\/\/tsv-haubersbronn.de\/tischtennis\/wp-json\/wp\/v2\/users\/4"}],"replies":[{"embeddable":true,"href":"https:\/\/tsv-haubersbronn.de\/tischtennis\/wp-json\/wp\/v2\/comments?post=380"}],"version-history":[{"count":47,"href":"https:\/\/tsv-haubersbronn.de\/tischtennis\/wp-json\/wp\/v2\/pages\/380\/revisions"}],"predecessor-version":[{"id":1439,"href":"https:\/\/tsv-haubersbronn.de\/tischtennis\/wp-json\/wp\/v2\/pages\/380\/revisions\/1439"}],"wp:attachment":[{"href":"https:\/\/tsv-haubersbronn.de\/tischtennis\/wp-json\/wp\/v2\/media?parent=380"}],"wp:term":[{"taxonomy":"dipi_cpt_category","embeddable":true,"href":"https:\/\/tsv-haubersbronn.de\/tischtennis\/wp-json\/wp\/v2\/dipi_cpt_category?post=380"}],"curies":[{"name":"wp","href":"https:\/\/api.w.org\/{rel}","templated":true}]}}