{"id":19,"date":"2024-06-26T15:56:19","date_gmt":"2024-06-26T13:56:19","guid":{"rendered":"http:\/\/jew.achtender.eu\/?page_id=13"},"modified":"2026-01-06T14:34:40","modified_gmt":"2026-01-06T13:34:40","slug":"turnen","status":"publish","type":"page","link":"https:\/\/tsv-haubersbronn.de\/turnen\/turnen\/","title":{"rendered":"Turnen"},"content":{"rendered":"<p>[et_pb_section fb_built=&#8220;1&#8243; _builder_version=&#8220;4.25.2&#8243; _module_preset=&#8220;default&#8220; background_color=&#8220;#E32929&#8243; custom_padding=&#8220;10vw||||false|false&#8220; global_colors_info=&#8220;{}&#8220;][et_pb_row _builder_version=&#8220;4.25.2&#8243; _module_preset=&#8220;3a46544f-32a5-4ee6-abf5-d28a0b7c21fa&#8220; z_index=&#8220;10&#8243; global_colors_info=&#8220;{}&#8220;][et_pb_column type=&#8220;4_4&#8243; _builder_version=&#8220;4.25.2&#8243; _module_preset=&#8220;default&#8220; global_colors_info=&#8220;{}&#8220;][et_pb_slider show_arrows=&#8220;off&#8220; show_pagination=&#8220;off&#8220; _builder_version=&#8220;4.25.2&#8243; _module_preset=&#8220;default&#8220; header_level=&#8220;h1&#8243; header_font=&#8220;Poppind Bold LOKAL|||on|||||&#8220; header_font_size=&#8220;80px&#8220; header_line_height=&#8220;80px&#8220; z_index=&#8220;3&#8243; custom_margin=&#8220;||-200px||false|false&#8220; custom_margin_tablet=&#8220;||-200px||false|false&#8220; custom_margin_phone=&#8220;||-200px||false|false&#8220; custom_margin_last_edited=&#8220;on|desktop&#8220; header_font_size_tablet=&#8220;80px&#8220; header_font_size_phone=&#8220;42px&#8220; header_font_size_last_edited=&#8220;on|desktop&#8220; header_line_height_tablet=&#8220;80px&#8220; header_line_height_phone=&#8220;45px&#8220; header_line_height_last_edited=&#8220;on|desktop&#8220; global_colors_info=&#8220;{}&#8220;][et_pb_slide heading=&#8220;Leidenschaft in Bewegung&#8220; _builder_version=&#8220;4.25.2&#8243; _module_preset=&#8220;default&#8220; background_color=&#8220;RGBA(255,255,255,0)&#8220; background_enable_color=&#8220;on&#8220; background_image=&#8220;https:\/\/tsv-haubersbronn.de\/turnen\/wp-content\/uploads\/sites\/5\/2024\/07\/turnen-header2.png&#8220; background_enable_image=&#8220;on&#8220; background_size=&#8220;contain&#8220; global_colors_info=&#8220;{}&#8220; sticky_transition=&#8220;on&#8220;][\/et_pb_slide][\/et_pb_slider][\/et_pb_column][\/et_pb_row][\/et_pb_section][et_pb_section fb_built=&#8220;1&#8243; admin_label=&#8220;section&#8220; _builder_version=&#8220;4.25.2&#8243; _module_preset=&#8220;default&#8220; custom_padding=&#8220;10vw||0px||false|false&#8220; locked=&#8220;off&#8220; global_colors_info=&#8220;{}&#8220;][et_pb_row make_equal=&#8220;on&#8220; admin_label=&#8220;row&#8220; _builder_version=&#8220;4.25.2&#8243; _module_preset=&#8220;ba00c4c3-9481-491f-b916-b2d2a71ea846&#8243; locked=&#8220;off&#8220; global_colors_info=&#8220;{}&#8220;][et_pb_column type=&#8220;4_4&#8243; _builder_version=&#8220;4.16&#8243; _module_preset=&#8220;default&#8220; custom_padding=&#8220;|||&#8220; global_colors_info=&#8220;{}&#8220; custom_padding__hover=&#8220;|||&#8220;][et_pb_text _builder_version=&#8220;4.25.2&#8243; _module_preset=&#8220;4ff2bfbc-1210-4a6f-a9b8-91a35f5238ee&#8220; text_font=&#8220;|||on|||||&#8220; hover_enabled=&#8220;0&#8243; global_colors_info=&#8220;{}&#8220; sticky_enabled=&#8220;0&#8243;]<\/p>\n<p>Unser Sportangebot<\/p>\n<p>[\/et_pb_text][et_pb_text _builder_version=&#8220;4.25.2&#8243; _module_preset=&#8220;4ff2bfbc-1210-4a6f-a9b8-91a35f5238ee&#8220; text_font=&#8220;||||||||&#8220; text_font_size=&#8220;40px&#8220; text_line_height=&#8220;50px&#8220; text_font_size_tablet=&#8220;40px&#8220; text_font_size_phone=&#8220;40px&#8220; text_font_size_last_edited=&#8220;on|desktop&#8220; text_line_height_tablet=&#8220;50px&#8220; text_line_height_phone=&#8220;50px&#8220; text_line_height_last_edited=&#8220;on|desktop&#8220; global_colors_info=&#8220;{}&#8220;]<\/p>\n<h2>Willkommen bei der Abteilung Turnen des TSV Haubersbronn<\/h2>\n<h2>Bei uns haben Jung und Alt die M\u00f6glichkeit, sich gesund zu bewegen. Der Spa\u00df an der Bewegung und die Freude beim gemeinsamen Tun stehen dabei im Vordergrund. Wir bieten ein umfang- und abwechslungsreiches Programm f\u00fcr jeden der Lust hat.<\/h2>\n<p>&nbsp;<\/p>\n<p>[\/et_pb_text][et_pb_button button_text=&#8220;Alle Sportarten&#8220; _builder_version=&#8220;4.25.2&#8243; _module_preset=&#8220;default&#8220; custom_margin=&#8220;||20px||false|false&#8220; custom_padding=&#8220;|||15px|false|false&#8220; global_colors_info=&#8220;{}&#8220;][\/et_pb_button][\/et_pb_column][\/et_pb_row][et_pb_row column_structure=&#8220;1_3,1_3,1_3&#8243; use_custom_gutter=&#8220;on&#8220; gutter_width=&#8220;2&#8243; _builder_version=&#8220;4.25.2&#8243; _module_preset=&#8220;27eac24d-8483-4b8f-9f1c-6494f01807f1&#8243; custom_padding=&#8220;||2px|||&#8220; locked=&#8220;off&#8220; global_colors_info=&#8220;{}&#8220;][et_pb_column type=&#8220;1_3&#8243; _builder_version=&#8220;4.25.2&#8243; _module_preset=&#8220;default&#8220; global_colors_info=&#8220;{}&#8220;][dipi_flip_box front_title=&#8220;Freizeitsport f\u00fcr Erwachsene&#8220; front_image=&#8220;https:\/\/tsv-haubersbronn.de\/turnen\/wp-content\/uploads\/sites\/5\/2024\/11\/2021_STB_GYMWELT-1-e1730791853685.png&#8220; front_content=&#8220;<\/p>\n<p>Sport ist eine Gemeinschaft<\/p>\n<p>&#8220; back_title=&#8220;Freizeitsport f\u00fcr Erwachsene&#8220; use_back_button=&#8220;on&#8220; back_button_text=&#8220;Mehr Info&#8220; back_button_link=&#8220;https:\/\/tsv-haubersbronn.de\/turnen\/turnen\/erwachsenensport\/&#8220; use_force_square=&#8220;on&#8220; flip_box_align_front=&#8220;left&#8220; flip_box_align_front_vertical=&#8220;flex-start&#8220; flip_box_align_back=&#8220;left&#8220; flip_box_align_back_vertical=&#8220;flex-start&#8220; back_side_bg_color=&#8220;#E32929&#8243; front_side_bg_enable_image=&#8220;off&#8220; front_side_bg_size=&#8220;initial&#8220; front_side_bg_position=&#8220;top_right&#8220; _builder_version=&#8220;4.25.2&#8243; _module_preset=&#8220;default&#8220; front_title_font=&#8220;Rubik LOKAL||||||||&#8220; front_title_font_size=&#8220;28px&#8220; front_desc_font_size=&#8220;18px&#8220; back_title_text_color=&#8220;#FFFFFF&#8220; back_desc_text_color=&#8220;#FFFFFF&#8220; custom_back_button=&#8220;on&#8220; back_button_text_color=&#8220;#FFFFFF&#8220; back_button_border_width=&#8220;1px&#8220; back_button_border_color=&#8220;#FFFFFF&#8220; back_button_use_icon=&#8220;off&#8220; custom_padding=&#8220;||||false|false&#8220; custom_css_front_image_icon=&#8220;padding-bottom:20%;&#8220; custom_css_front_title=&#8220;order:2;||font-weight:400;&#8220; custom_css_front_description=&#8220;order:1;||font-weight:400;&#8220; custom_css_back_title=&#8220;font-weight:400;&#8220; custom_css_back_description=&#8220;font-weight:400;&#8220; border_radii=&#8220;on|50px|50px|50px|50px&#8220; border_width_all=&#8220;2px&#8220; border_color_all=&#8220;#000000&#8243; locked=&#8220;off&#8220; global_colors_info=&#8220;{}&#8220;][\/dipi_flip_box][\/et_pb_column][et_pb_column type=&#8220;1_3&#8243; _builder_version=&#8220;4.25.2&#8243; _module_preset=&#8220;default&#8220; global_colors_info=&#8220;{}&#8220;][dipi_flip_box front_title=&#8220;Kinderturnen&#8220; front_image=&#8220;https:\/\/tsv-haubersbronn.de\/turnen\/wp-content\/uploads\/sites\/5\/2024\/08\/800px-Logo_Kinderturnen.png&#8220; front_content=&#8220;<\/p>\n<p>Kids in Bewegung<\/p>\n<p>&#8220; back_title=&#8220;Kinderturnen&#8220; use_back_button=&#8220;on&#8220; back_button_text=&#8220;Mehr Info&#8220; back_button_link=&#8220;https:\/\/tsv-haubersbronn.de\/turnen\/turnen\/kinderturnen\/&#8220; use_force_square=&#8220;on&#8220; flip_box_align_front=&#8220;left&#8220; flip_box_align_front_vertical=&#8220;flex-start&#8220; flip_box_align_back=&#8220;left&#8220; flip_box_align_back_vertical=&#8220;flex-start&#8220; back_side_bg_color=&#8220;#E32929&#8243; front_side_bg_enable_image=&#8220;off&#8220; front_side_bg_size=&#8220;initial&#8220; front_side_bg_position=&#8220;top_right&#8220; _builder_version=&#8220;4.25.2&#8243; _module_preset=&#8220;default&#8220; front_title_font=&#8220;Rubik LOKAL||||||||&#8220; front_title_font_size=&#8220;28px&#8220; front_desc_font_size=&#8220;18px&#8220; back_title_text_color=&#8220;#FFFFFF&#8220; back_desc_text_color=&#8220;#FFFFFF&#8220; custom_back_button=&#8220;on&#8220; back_button_text_color=&#8220;#FFFFFF&#8220; back_button_border_width=&#8220;1px&#8220; back_button_border_color=&#8220;#FFFFFF&#8220; back_button_use_icon=&#8220;off&#8220; custom_padding=&#8220;||||false|false&#8220; custom_css_front_image_icon=&#8220;padding-bottom:20%;&#8220; custom_css_front_title=&#8220;order:2;||font-weight:400;&#8220; custom_css_front_description=&#8220;order:1;||font-weight:400;&#8220; custom_css_back_title=&#8220;font-weight:400;&#8220; custom_css_back_description=&#8220;font-weight:400;&#8220; border_radii=&#8220;on|50px|50px|50px|50px&#8220; border_width_all=&#8220;2px&#8220; border_color_all=&#8220;#000000&#8243; locked=&#8220;off&#8220; global_colors_info=&#8220;{}&#8220;][\/dipi_flip_box][\/et_pb_column][et_pb_column type=&#8220;1_3&#8243; _builder_version=&#8220;4.25.2&#8243; _module_preset=&#8220;default&#8220; global_colors_info=&#8220;{}&#8220;][dipi_flip_box front_title=&#8220;Parkour&#8220; front_image=&#8220;https:\/\/tsv-haubersbronn.de\/turnen\/wp-content\/uploads\/sites\/5\/2024\/11\/IMG-20241103-WA0006-e1730790753555-1-1-e1730791362355-1.jpg&#8220; front_content=&#8220;<\/p>\n<p>Hindernis\u00fcberwindung, Beweglichkeit, Effizienz<\/p>\n<p>&#8220; back_title=&#8220;Parkours&#8220; use_back_button=&#8220;on&#8220; back_button_text=&#8220;Mehr Info&#8220; back_button_link=&#8220;https:\/\/tsv-haubersbronn.de\/turnen\/turnen\/parkours\/&#8220; use_force_square=&#8220;on&#8220; flip_box_align_front=&#8220;left&#8220; flip_box_align_front_vertical=&#8220;flex-start&#8220; flip_box_align_back=&#8220;left&#8220; flip_box_align_back_vertical=&#8220;flex-start&#8220; back_side_bg_color=&#8220;#E32929&#8243; front_side_bg_enable_image=&#8220;off&#8220; front_side_bg_size=&#8220;initial&#8220; front_side_bg_position=&#8220;top_right&#8220; _builder_version=&#8220;4.25.2&#8243; _module_preset=&#8220;default&#8220; front_title_font=&#8220;Rubik LOKAL||||||||&#8220; front_title_font_size=&#8220;28px&#8220; front_desc_font_size=&#8220;18px&#8220; back_title_text_color=&#8220;#FFFFFF&#8220; back_desc_text_color=&#8220;#FFFFFF&#8220; custom_back_button=&#8220;on&#8220; back_button_text_color=&#8220;#FFFFFF&#8220; back_button_border_width=&#8220;1px&#8220; back_button_border_color=&#8220;#FFFFFF&#8220; back_button_use_icon=&#8220;off&#8220; custom_padding=&#8220;||||false|false&#8220; custom_css_front_image_icon=&#8220;padding-bottom:20%;&#8220; custom_css_front_title=&#8220;order:2;||font-weight:400;&#8220; custom_css_front_description=&#8220;order:1;||font-weight:400;&#8220; custom_css_back_title=&#8220;font-weight:400;&#8220; custom_css_back_description=&#8220;font-weight:400;&#8220; border_radii=&#8220;on|50px|50px|50px|50px&#8220; border_width_all=&#8220;2px&#8220; border_color_all=&#8220;#000000&#8243; locked=&#8220;off&#8220; global_colors_info=&#8220;{}&#8220;][\/dipi_flip_box][\/et_pb_column][\/et_pb_row][et_pb_row column_structure=&#8220;1_3,1_3,1_3&#8243; use_custom_gutter=&#8220;on&#8220; gutter_width=&#8220;2&#8243; _builder_version=&#8220;4.25.2&#8243; _module_preset=&#8220;27eac24d-8483-4b8f-9f1c-6494f01807f1&#8243; custom_padding=&#8220;||2px|||&#8220; locked=&#8220;off&#8220; global_colors_info=&#8220;{}&#8220;][et_pb_column type=&#8220;1_3&#8243; _builder_version=&#8220;4.25.2&#8243; _module_preset=&#8220;default&#8220; global_colors_info=&#8220;{}&#8220;][dipi_flip_box front_title=&#8220;Rh\u00f6nrad&#8220; front_image=&#8220;https:\/\/tsv-haubersbronn.de\/turnen\/wp-content\/uploads\/sites\/5\/2024\/08\/Rhoenrad-transparent.png&#8220; front_content=&#8220;<\/p>\n<p>Stell Deine Welt auf den Kopf<\/p>\n<p>&#8220; back_title=&#8220;Rh\u00f6nrad&#8220; use_back_button=&#8220;on&#8220; back_button_text=&#8220;Mehr Info&#8220; back_button_link=&#8220;https:\/\/tsv-haubersbronn.de\/turnen\/turnen\/roehnrad\/&#8220; use_force_square=&#8220;on&#8220; flip_box_align_front=&#8220;left&#8220; flip_box_align_front_vertical=&#8220;flex-start&#8220; flip_box_align_back=&#8220;left&#8220; flip_box_align_back_vertical=&#8220;flex-start&#8220; back_side_bg_color=&#8220;#E32929&#8243; front_side_bg_enable_image=&#8220;off&#8220; front_side_bg_size=&#8220;initial&#8220; front_side_bg_position=&#8220;top_right&#8220; _builder_version=&#8220;4.25.2&#8243; _module_preset=&#8220;default&#8220; front_title_font=&#8220;Rubik LOKAL||||||||&#8220; front_title_font_size=&#8220;28px&#8220; front_desc_font_size=&#8220;18px&#8220; back_title_text_color=&#8220;#FFFFFF&#8220; back_desc_text_color=&#8220;#FFFFFF&#8220; custom_back_button=&#8220;on&#8220; back_button_text_color=&#8220;#FFFFFF&#8220; back_button_border_width=&#8220;1px&#8220; back_button_border_color=&#8220;#FFFFFF&#8220; back_button_use_icon=&#8220;off&#8220; custom_padding=&#8220;||||false|false&#8220; custom_css_front_image_icon=&#8220;padding-bottom:20%;&#8220; custom_css_front_title=&#8220;order:2;||font-weight:400;&#8220; custom_css_front_description=&#8220;order:1;||font-weight:400;&#8220; custom_css_back_title=&#8220;font-weight:400;&#8220; custom_css_back_description=&#8220;font-weight:400;&#8220; border_radii=&#8220;on|50px|50px|50px|50px&#8220; border_width_all=&#8220;2px&#8220; border_color_all=&#8220;#000000&#8243; locked=&#8220;off&#8220; global_colors_info=&#8220;{}&#8220;][\/dipi_flip_box][\/et_pb_column][et_pb_column type=&#8220;1_3&#8243; _builder_version=&#8220;4.25.2&#8243; _module_preset=&#8220;default&#8220; global_colors_info=&#8220;{}&#8220;][dipi_flip_box front_title=&#8220;Freizeit- und Gesundheitssport&#8220; front_image=&#8220;https:\/\/tsv-haubersbronn.de\/turnen\/wp-content\/uploads\/sites\/5\/2024\/11\/2021_STB_GYMWELT-1-e1730791853685.png&#8220; front_content=&#8220;<\/p>\n<p>Steigere deine Lebensqualit\u00e4t durch regelm\u00e4\u00dfige Bewegung<\/p>\n<p>&#8220; back_title=&#8220;Freizeit- und Gesundheitssport&#8220; use_back_button=&#8220;on&#8220; back_button_text=&#8220;Mehr Info&#8220; back_button_link=&#8220;https:\/\/tsv-haubersbronn.de\/turnen\/turnen\/gesundheitssport&#8220; use_force_square=&#8220;on&#8220; flip_box_align_front=&#8220;left&#8220; flip_box_align_front_vertical=&#8220;flex-start&#8220; flip_box_align_back=&#8220;left&#8220; flip_box_align_back_vertical=&#8220;flex-start&#8220; back_side_bg_color=&#8220;#E32929&#8243; front_side_bg_enable_image=&#8220;off&#8220; front_side_bg_size=&#8220;initial&#8220; front_side_bg_position=&#8220;top_right&#8220; _builder_version=&#8220;4.25.2&#8243; _module_preset=&#8220;default&#8220; front_title_font=&#8220;Rubik LOKAL||||||||&#8220; front_title_font_size=&#8220;28px&#8220; front_desc_font_size=&#8220;18px&#8220; back_title_text_color=&#8220;#FFFFFF&#8220; back_desc_text_color=&#8220;#FFFFFF&#8220; custom_back_button=&#8220;on&#8220; back_button_text_color=&#8220;#FFFFFF&#8220; back_button_border_width=&#8220;1px&#8220; back_button_border_color=&#8220;#FFFFFF&#8220; back_button_use_icon=&#8220;off&#8220; custom_padding=&#8220;||||false|false&#8220; custom_css_front_image_icon=&#8220;padding-bottom:20%;&#8220; custom_css_front_title=&#8220;order:2;||font-weight:400;&#8220; custom_css_front_description=&#8220;order:1;||font-weight:400;&#8220; custom_css_back_title=&#8220;font-weight:400;&#8220; custom_css_back_description=&#8220;font-weight:400;&#8220; border_radii=&#8220;on|50px|50px|50px|50px&#8220; border_width_all=&#8220;2px&#8220; border_color_all=&#8220;#000000&#8243; locked=&#8220;off&#8220; global_colors_info=&#8220;{}&#8220;][\/dipi_flip_box][\/et_pb_column][et_pb_column type=&#8220;1_3&#8243; _builder_version=&#8220;4.25.2&#8243; _module_preset=&#8220;default&#8220; global_colors_info=&#8220;{}&#8220;][\/et_pb_column][\/et_pb_row][et_pb_row column_structure=&#8220;1_2,1_2&#8243; _builder_version=&#8220;4.25.2&#8243; _module_preset=&#8220;bea0fb2d-d554-46dc-9e6d-fbd1cdc21f9d&#8220; custom_padding=&#8220;80px|||||&#8220; global_colors_info=&#8220;{}&#8220;][et_pb_column type=&#8220;1_2&#8243; _builder_version=&#8220;4.25.2&#8243; _module_preset=&#8220;default&#8220; global_colors_info=&#8220;{}&#8220;][et_pb_button button_url=&#8220;@ET-DC@eyJkeW5hbWljIjp0cnVlLCJjb250ZW50IjoicG9zdF9saW5rX3VybF9wYWdlIiwic2V0dGluZ3MiOnsicG9zdF9pZCI6IjEzIiwiZW5hYmxlX2h0bWwiOiJvZmYifX0=@&#8220; button_text=&#8220;Alle Sportarten&#8220; button_alignment=&#8220;right&#8220; button_alignment_tablet=&#8220;right&#8220; button_alignment_phone=&#8220;right&#8220; button_alignment_last_edited=&#8220;on|desktop&#8220; _builder_version=&#8220;4.25.2&#8243; _dynamic_attributes=&#8220;button_url&#8220; _module_preset=&#8220;default&#8220; custom_margin=&#8220;||20px||false|false&#8220; custom_padding=&#8220;|||15px|false|false&#8220; locked=&#8220;off&#8220; global_colors_info=&#8220;{}&#8220;][\/et_pb_button][\/et_pb_column][et_pb_column type=&#8220;1_2&#8243; _builder_version=&#8220;4.25.2&#8243; _module_preset=&#8220;default&#8220; global_colors_info=&#8220;{}&#8220;][et_pb_button button_url=&#8220;@ET-DC@eyJkeW5hbWljIjp0cnVlLCJjb250ZW50IjoicG9zdF9saW5rX3VybF9wYWdlIiwic2V0dGluZ3MiOnsicG9zdF9pZCI6IjI0IiwiZW5hYmxlX2h0bWwiOiJvZmYifX0=@&#8220; button_text=&#8220;Kontakt&#8220; _builder_version=&#8220;4.25.2&#8243; _dynamic_attributes=&#8220;button_url&#8220; _module_preset=&#8220;default&#8220; custom_margin=&#8220;||20px||false|false&#8220; custom_padding=&#8220;|||15px|false|false&#8220; hover_enabled=&#8220;0&#8243; locked=&#8220;off&#8220; global_colors_info=&#8220;{}&#8220; sticky_enabled=&#8220;0&#8243;][\/et_pb_button][\/et_pb_column][\/et_pb_row][\/et_pb_section][et_pb_section fb_built=&#8220;1&#8243; _builder_version=&#8220;4.25.2&#8243; _module_preset=&#8220;default&#8220; custom_padding=&#8220;0px||0px||true|false&#8220; border_width_top=&#8220;2px&#8220; border_color_top=&#8220;#EDEDED&#8220; global_module=&#8220;154&#8243; global_colors_info=&#8220;{}&#8220;][et_pb_row column_structure=&#8220;1_4,1_4,1_4,1_4&#8243; use_custom_gutter=&#8220;on&#8220; gutter_width=&#8220;1&#8243; make_equal=&#8220;on&#8220; _builder_version=&#8220;4.25.2&#8243; _module_preset=&#8220;27eac24d-8483-4b8f-9f1c-6494f01807f1&#8243; custom_padding=&#8220;0px||0px||false|false&#8220; custom_css_main_element=&#8220;align-items: center;&#8220; border_color_top=&#8220;#EDEDED&#8220; global_colors_info=&#8220;{}&#8220;][et_pb_column type=&#8220;1_4&#8243; _builder_version=&#8220;4.25.2&#8243; _module_preset=&#8220;default&#8220; custom_padding=&#8220;40px|20px|40px|20px|true|false&#8220; border_width_right=&#8220;2px&#8220; border_color_right=&#8220;#EDEDED&#8220; global_colors_info=&#8220;{}&#8220;][et_pb_image src=&#8220;https:\/\/tsv-haubersbronn.de\/turnen\/wp-content\/uploads\/sites\/5\/2024\/08\/2021_STB_GYMWELT-1.png&#8220; title_text=&#8220;2021_STB_GYMWELT-1&#8243; align=&#8220;center&#8220; _builder_version=&#8220;4.25.2&#8243; _module_preset=&#8220;default&#8220; global_colors_info=&#8220;{}&#8220;][\/et_pb_image][\/et_pb_column][et_pb_column type=&#8220;1_4&#8243; _builder_version=&#8220;4.25.2&#8243; _module_preset=&#8220;default&#8220; custom_padding=&#8220;40px|20px|40px|20px|true|false&#8220; border_width_right=&#8220;2px&#8220; border_color_right=&#8220;#EDEDED&#8220; global_colors_info=&#8220;{}&#8220;][et_pb_image src=&#8220;https:\/\/tsv-haubersbronn.de\/turnen\/wp-content\/uploads\/sites\/5\/2024\/08\/800px-Logo_Kinderturnen.png&#8220; title_text=&#8220;800px-Logo_Kinderturnen&#8220; align=&#8220;center&#8220; _builder_version=&#8220;4.25.2&#8243; _module_preset=&#8220;default&#8220; locked=&#8220;off&#8220; global_colors_info=&#8220;{}&#8220;][\/et_pb_image][\/et_pb_column][et_pb_column type=&#8220;1_4&#8243; _builder_version=&#8220;4.25.2&#8243; _module_preset=&#8220;default&#8220; custom_padding=&#8220;40px|20px|40px|20px|true|false&#8220; border_width_right=&#8220;2px&#8220; border_color_right=&#8220;#EDEDED&#8220; global_colors_info=&#8220;{}&#8220;][et_pb_image src=&#8220;https:\/\/tsv-haubersbronn.de\/turnen\/wp-content\/uploads\/sites\/5\/2024\/08\/Rhoenrad-transparent.png&#8220; title_text=&#8220;Rhoenrad-transparent&#8220; align=&#8220;center&#8220; _builder_version=&#8220;4.25.2&#8243; _module_preset=&#8220;default&#8220; hover_enabled=&#8220;0&#8243; locked=&#8220;off&#8220; global_colors_info=&#8220;{}&#8220; sticky_enabled=&#8220;0&#8243;][\/et_pb_image][\/et_pb_column][et_pb_column type=&#8220;1_4&#8243; _builder_version=&#8220;4.25.2&#8243; _module_preset=&#8220;default&#8220; custom_padding=&#8220;40px|20px|40px|20px|true|false&#8220; border_color_right=&#8220;#EDEDED&#8220; global_colors_info=&#8220;{}&#8220;][et_pb_image src=&#8220;https:\/\/tsv-haubersbronn.de\/turnen\/wp-content\/uploads\/sites\/5\/2024\/08\/STB-Logo-neu_transparent.png&#8220; title_text=&#8220;STB-Logo-neu_transparent&#8220; align=&#8220;center&#8220; _builder_version=&#8220;4.25.2&#8243; _module_preset=&#8220;default&#8220; locked=&#8220;off&#8220; global_colors_info=&#8220;{}&#8220;][\/et_pb_image][\/et_pb_column][\/et_pb_row][\/et_pb_section]<\/p>\n","protected":false},"excerpt":{"rendered":"<p>Unser SportangebotWillkommen bei der Abteilung Turnen des TSV Haubersbronn Bei uns haben Jung und Alt die M\u00f6glichkeit, sich gesund zu bewegen. Der Spa\u00df an der Bewegung und die Freude beim [&hellip;]<\/p>\n","protected":false},"author":1,"featured_media":0,"parent":0,"menu_order":3,"comment_status":"closed","ping_status":"closed","template":"","meta":{"_acf_changed":false,"_et_pb_use_builder":"on","_et_pb_old_content":"","_et_gb_content_width":"","footnotes":""},"dipi_cpt_category":[],"class_list":["post-19","page","type-page","status-publish","hentry"],"acf":[],"_links":{"self":[{"href":"https:\/\/tsv-haubersbronn.de\/turnen\/wp-json\/wp\/v2\/pages\/19","targetHints":{"allow":["GET"]}}],"collection":[{"href":"https:\/\/tsv-haubersbronn.de\/turnen\/wp-json\/wp\/v2\/pages"}],"about":[{"href":"https:\/\/tsv-haubersbronn.de\/turnen\/wp-json\/wp\/v2\/types\/page"}],"author":[{"embeddable":true,"href":"https:\/\/tsv-haubersbronn.de\/turnen\/wp-json\/wp\/v2\/users\/1"}],"replies":[{"embeddable":true,"href":"https:\/\/tsv-haubersbronn.de\/turnen\/wp-json\/wp\/v2\/comments?post=19"}],"version-history":[{"count":25,"href":"https:\/\/tsv-haubersbronn.de\/turnen\/wp-json\/wp\/v2\/pages\/19\/revisions"}],"predecessor-version":[{"id":1267,"href":"https:\/\/tsv-haubersbronn.de\/turnen\/wp-json\/wp\/v2\/pages\/19\/revisions\/1267"}],"wp:attachment":[{"href":"https:\/\/tsv-haubersbronn.de\/turnen\/wp-json\/wp\/v2\/media?parent=19"}],"wp:term":[{"taxonomy":"dipi_cpt_category","embeddable":true,"href":"https:\/\/tsv-haubersbronn.de\/turnen\/wp-json\/wp\/v2\/dipi_cpt_category?post=19"}],"curies":[{"name":"wp","href":"https:\/\/api.w.org\/{rel}","templated":true}]}}